{"id":102,"date":"2023-07-05T23:50:24","date_gmt":"2023-07-05T23:50:24","guid":{"rendered":"https:\/\/cooprc.com.ar\/v1\/?page_id=102"},"modified":"2023-09-19T17:46:58","modified_gmt":"2023-09-19T20:46:58","slug":"historia","status":"publish","type":"page","link":"https:\/\/cooprc.com.ar\/v1\/historia\/","title":{"rendered":"Historia"},"content":{"rendered":"[et_pb_section fb_built=&#8221;1&#8243; admin_label=&#8221;section&#8221; _builder_version=&#8221;4.21.0&#8243; background_enable_image=&#8221;off&#8221; top_divider_style=&#8221;wave2&#8243; top_divider_color=&#8221;#405798&#8243; top_divider_height=&#8221;70px&#8221; top_divider_flip=&#8221;horizontal&#8221; global_colors_info=&#8221;{}&#8221;][et_pb_row column_structure=&#8221;1_2,1_2&#8243; _builder_version=&#8221;4.22.1&#8243; _module_preset=&#8221;default&#8221; parallax=&#8221;on&#8221; custom_padding=&#8221;||0px||false|false&#8221; hover_enabled=&#8221;0&#8243; global_colors_info=&#8221;{}&#8221; sticky_enabled=&#8221;0&#8243; background_enable_image=&#8221;off&#8221; title_text=&#8221;FOTO-3&#8243;][et_pb_column type=&#8221;1_2&#8243; _builder_version=&#8221;4.21.0&#8243; _module_preset=&#8221;default&#8221; global_colors_info=&#8221;{}&#8221;][et_pb_text _builder_version=&#8221;4.21.0&#8243; _dynamic_attributes=&#8221;content&#8221; _module_preset=&#8221;default&#8221; text_font=&#8221;Open Sans|700||||on|||&#8221; text_font_size=&#8221;40px&#8221; header_font=&#8221;Open Sans|700||||on|||&#8221; header_font_size=&#8221;40px&#8221; global_colors_info=&#8221;{}&#8221;]@ET-DC@eyJkeW5hbWljIjp0cnVlLCJjb250ZW50IjoicG9zdF90aXRsZSIsInNldHRpbmdzIjp7ImJlZm9yZSI6IiIsImFmdGVyIjoiIn19@[\/et_pb_text][et_pb_divider color=&#8221;#0C71C3&#8243; divider_weight=&#8221;6px&#8221; _builder_version=&#8221;4.21.0&#8243; _module_preset=&#8221;default&#8221; width=&#8221;20%&#8221; locked=&#8221;off&#8221; global_colors_info=&#8221;{}&#8221;][\/et_pb_divider][et_pb_text admin_label=&#8221;Text&#8221; _builder_version=&#8221;4.21.0&#8243; text_font=&#8221;Open Sans||||||||&#8221; text_font_size=&#8221;15px&#8221; background_enable_color=&#8221;off&#8221; use_background_color_gradient=&#8221;on&#8221; background_color_gradient_stops=&#8221;rgba(255,255,255,0) 1%|#ffffff 98%&#8221; background_size=&#8221;initial&#8221; background_position=&#8221;top_left&#8221; background_repeat=&#8221;repeat&#8221; custom_margin=&#8221;||||false|false&#8221; custom_padding=&#8221;||||false|false&#8221; hover_enabled=&#8221;0&#8243; global_colors_info=&#8221;{}&#8221; sticky_enabled=&#8221;0&#8243;]\n<p>La Cooperativa de Obras y Servicios de R\u00edo Ceballos nace en 1982, en un escenario alentado por la recuperaci\u00f3n de la democracia y las libertades p\u00fablicas, que motiv\u00f3 la reactivaci\u00f3n del movimiento cooperativo.<br \/>Ante el lanzamiento en todo el pa\u00eds del \u201cPlan Nacional de Agua Potable\u201d, se presentaba una oportunidad hist\u00f3rica para que los vecinos conformaran una cooperativa y pudieran dar respuesta a una necesidad compartida por la poblaci\u00f3n: el acceso de todos al agua potable.<br \/>El 15 de septiembre se firma el acta fundacional de constituci\u00f3n. Un acontecimiento de profunda relevancia para la trama social de la localidad, porque comenzaba a construirse un espacio institucional de pertenencia, como herramienta propia de la comunidad para buscar soluciones solidarias a sus necesidades.<br \/>Desde entonces, se suma al movimiento cooperativista, con el objetivo de prestar servicios sustentables, eficientes y al menor costo para los usuarios. A\u00fan en momentos muy adversos, las cooperativas de servicios han invertido recursos, desarrollado proyectos, movilizado a la comunidad, creando espacios de participaci\u00f3n, para sostener prestaciones de calidad y favorecer el acceso equitativo de toda la poblaci\u00f3n a servicios b\u00e1sicos, que constituyen derechos fundamentales.<\/p>\n[\/et_pb_text][\/et_pb_column][et_pb_column type=&#8221;1_2&#8243; _builder_version=&#8221;4.22.1&#8243; _module_preset=&#8221;default&#8221; hover_enabled=&#8221;0&#8243; global_colors_info=&#8221;{}&#8221; sticky_enabled=&#8221;0&#8243; title_text=&#8221;FOTO-3&#8243; background_enable_image=&#8221;off&#8221;][et_pb_image src=&#8221;https:\/\/cooprc.com.ar\/v1\/wp-content\/uploads\/2023\/07\/FOTO-3.jpg&#8221; _builder_version=&#8221;4.22.1&#8243; _module_preset=&#8221;default&#8221; title_text=&#8221;FOTO-3&#8243; hover_enabled=&#8221;0&#8243; sticky_enabled=&#8221;0&#8243;][\/et_pb_image][\/et_pb_column][\/et_pb_row][et_pb_row column_structure=&#8221;1_3,2_3&#8243; admin_label=&#8221;row&#8221; _builder_version=&#8221;4.22.1&#8243; use_background_color_gradient=&#8221;on&#8221; background_color_gradient_direction=&#8221;90deg&#8221; background_color_gradient_stops=&#8221;rgba(255,255,255,0) 19%|#ffffff 78%&#8221; background_size=&#8221;initial&#8221; background_position=&#8221;top_left&#8221; background_blend=&#8221;hue&#8221; custom_margin=&#8221;30px||||false|false&#8221; custom_padding=&#8221;||0px||false|false&#8221; hover_enabled=&#8221;0&#8243; global_colors_info=&#8221;{}&#8221; background_enable_image=&#8221;off&#8221; sticky_enabled=&#8221;0&#8243;][et_pb_column type=&#8221;1_3&#8243; _builder_version=&#8221;4.16&#8243; custom_padding=&#8221;|||&#8221; global_colors_info=&#8221;{}&#8221; custom_padding__hover=&#8221;|||&#8221;][et_pb_image src=&#8221;https:\/\/cooprc.com.ar\/v1\/wp-content\/uploads\/2023\/07\/287683091_391594123010518_908910605531369213_n.jpg&#8221; _builder_version=&#8221;4.22.1&#8243; _module_preset=&#8221;default&#8221; title_text=&#8221;287683091_391594123010518_908910605531369213_n&#8221; hover_enabled=&#8221;0&#8243; sticky_enabled=&#8221;0&#8243;][\/et_pb_image][\/et_pb_column][et_pb_column type=&#8221;2_3&#8243; _builder_version=&#8221;4.16&#8243; custom_padding=&#8221;|||&#8221; global_colors_info=&#8221;{}&#8221; custom_padding__hover=&#8221;|||&#8221;][et_pb_text _builder_version=&#8221;4.21.0&#8243; _module_preset=&#8221;default&#8221; text_font=&#8221;Open Sans||||||||&#8221; text_font_size=&#8221;15px&#8221; background_enable_color=&#8221;off&#8221; use_background_color_gradient=&#8221;on&#8221; background_color_gradient_stops=&#8221;rgba(255,255,255,0) 1%|#ffffff 98%&#8221; background_size=&#8221;initial&#8221; background_position=&#8221;top_left&#8221; background_repeat=&#8221;repeat&#8221; custom_margin=&#8221;||||false|false&#8221; custom_padding=&#8221;||||false|false&#8221; global_colors_info=&#8221;{}&#8221;]\n<p>Una vez que se conforma la Cooperativa comenz\u00f3 a ejecutarse el Plan Nacional de Agua Potable.<br \/>Las obras, que inclu\u00edan tambi\u00e9n a Unquillo y Mendiolaza, fueron dirigidas por el Estado Provincial, pero costeadas con un cr\u00e9dito del Banco Interamericano de Desarrollo, fondos del gobierno Nacional y un importante aporte de los asociados.<br \/>Para proveer de agua potable a las localidades, se construy\u00f3 la Planta Potabilizadora La Quebrada, que se inaugur\u00f3 en 1986 y en acueducto que un\u00eda las tres localidades.<br \/>Sin embargo, el servicio de agua corriente reci\u00e9n se brindar\u00eda desde 1991, dado que la construcci\u00f3n inicial del sistema, ejecutada y supervisada por la Provincia, se realiz\u00f3 con materiales inadecuados y debi\u00f3 ser reemplazado completamente.<br \/>En los a\u00f1os sucesivos, la Cooperativa invirti\u00f3 recursos y desarroll\u00f3 gestiones para mejorar la eficiencia del sistema.<br \/>Tambi\u00e9n fue ampliando sus prestaciones y sus l\u00edneas de trabajo. Telefon\u00eda celular, venta de productos y una fuerte pol\u00edtica cultural y educativa.<\/p>\n[\/et_pb_text][\/et_pb_column][\/et_pb_row][et_pb_row column_structure=&#8221;2_3,1_3&#8243; admin_label=&#8221;row&#8221; _builder_version=&#8221;4.22.1&#8243; background_image=&#8221;https:\/\/cooprc.com.ar\/v1\/wp-content\/uploads\/2023\/07\/DJI_0161-scaled-1.jpg&#8221; parallax=&#8221;on&#8221; custom_margin=&#8221;30px||||false|false&#8221; custom_padding=&#8221;||170px||false|false&#8221; hover_enabled=&#8221;0&#8243; global_colors_info=&#8221;{}&#8221; sticky_enabled=&#8221;0&#8243;][et_pb_column type=&#8221;2_3&#8243; _builder_version=&#8221;4.16&#8243; custom_padding=&#8221;|||&#8221; global_colors_info=&#8221;{}&#8221; custom_padding__hover=&#8221;|||&#8221;][\/et_pb_column][et_pb_column type=&#8221;1_3&#8243; _builder_version=&#8221;4.16&#8243; custom_padding=&#8221;|||&#8221; global_colors_info=&#8221;{}&#8221; custom_padding__hover=&#8221;|||&#8221;][\/et_pb_column][\/et_pb_row][et_pb_row _builder_version=&#8221;4.21.0&#8243; _module_preset=&#8221;default&#8221; global_colors_info=&#8221;{}&#8221;][et_pb_column type=&#8221;4_4&#8243; _builder_version=&#8221;4.21.0&#8243; _module_preset=&#8221;default&#8221; global_colors_info=&#8221;{}&#8221;][et_pb_text _builder_version=&#8221;4.21.0&#8243; _module_preset=&#8221;default&#8221; text_font=&#8221;Open Sans||||||||&#8221; text_font_size=&#8221;15px&#8221; background_enable_color=&#8221;off&#8221; use_background_color_gradient=&#8221;on&#8221; background_color_gradient_stops=&#8221;rgba(255,255,255,0) 1%|#ffffff 98%&#8221; background_size=&#8221;initial&#8221; background_position=&#8221;top_left&#8221; background_repeat=&#8221;repeat&#8221; custom_margin=&#8221;||||false|false&#8221; custom_padding=&#8221;||||false|false&#8221; global_colors_info=&#8221;{}&#8221;]\n<p>En 2008 se abri\u00f3 el Centro Cultural Cooperativo Casa Azul, donde se llevan a cabo talleres, seminarios, cursos de formaci\u00f3n docente y laboral; ciclos de charlas, m\u00fasica, teatro, danza; exposiciones; encuentros y actividades con otras organizaciones.<br \/>Y en 2010 se organiz\u00f3 un programa de educaci\u00f3n que articula con todas las escuelas de la ciudad, centros vecinales y otras organizaciones de la zona.<br \/>En 2012 se cre\u00f3 un \u00e1rea de Comunicaci\u00f3n, cultura y educaci\u00f3n para fortalecer esos proyectos y profundizar los canales de comunicaci\u00f3n con los asociados.<br \/>El sostenimiento y el crecimiento de la Cooperativa descans\u00f3 siempre en el compromiso y el esfuerzo de sus asociados, sus trabajadores y de toda la comunidad. Durante diez a\u00f1os, el servicio de distribuci\u00f3n de agua potable se brind\u00f3 sin contrato de concesi\u00f3n que estipulara reglas y que implementar\u00e1 una tarifa adecuada para hacer frente a los costos. Fueron a\u00f1os de una profunda crisis h\u00eddrica que puso en riesgo la prestaci\u00f3n. Gracias a la participaci\u00f3n activa de todos, en mayo del a\u00f1o 2013, se firma finalmente el Contrato de Concesi\u00f3n del Servicio de Agua Potable, formalizando la adjudicaci\u00f3n del servicio y un conjunto de regulaciones indispensables para la sustentabilidad del mismo.<br \/>A lo largo de m\u00e1s de treinta a\u00f1os, fuimos definiendo y construyendo la Cooperativa que queremos ser.<br \/>Hoy la Cooperativa cuenta con m\u00e1s de 5.000 asociados. Resulta una verdadera herramienta para el desarrollo local y regional. Es una instituci\u00f3n referenciada por su pol\u00edtica de acceso a la informaci\u00f3n, la transparencia y por su presencia en los \u00e1mbitos de discusi\u00f3n y trabajo colectivo en defensa de la cuenca h\u00eddrica. Planifica sus acciones desde una perspectiva de derechos y apuesta al desarrollo de la cultura local como territorio donde se promueven valores cooperativos.<\/p>\n[\/et_pb_text][\/et_pb_column][\/et_pb_row][\/et_pb_section]\n","protected":false},"excerpt":{"rendered":"<p>La Cooperativa de Obras y Servicios de R\u00edo Ceballos nace en 1982, en un escenario alentado por la recuperaci\u00f3n de la democracia y las libertades p\u00fablicas, que motiv\u00f3 la reactivaci\u00f3n del movimiento cooperativo.Ante el lanzamiento en todo el pa\u00eds del \u201cPlan Nacional de Agua Potable\u201d, se presentaba una oportunidad hist\u00f3rica para que los vecinos conformaran [&hellip;]<\/p>\n","protected":false},"author":1,"featured_media":103,"parent":0,"menu_order":0,"comment_status":"closed","ping_status":"closed","template":"","meta":{"_acf_changed":false,"_et_pb_use_builder":"on","_et_pb_old_content":"<!-- wp:paragraph -->\n<p>La Cooperativa de Obras y Servicios de R\u00edo Ceballos nace en 1982, en un escenario alentado por la recuperaci\u00f3n de la democracia y las libertades p\u00fablicas, que motiv\u00f3 la reactivaci\u00f3n del movimiento cooperativo.<\/p>\n<!-- \/wp:paragraph -->\n\n<!-- wp:paragraph -->\n<p>Ante el lanzamiento en todo el pa\u00eds del \u201cPlan Nacional de Agua Potable\u201d, se presentaba una oportunidad hist\u00f3rica para que los vecinos conformaran una cooperativa y pudieran dar respuesta a una necesidad compartida por la poblaci\u00f3n: el acceso de todos al agua potable.<\/p>\n<!-- \/wp:paragraph -->\n\n<!-- wp:paragraph -->\n<p>El 15 de septiembre se firma el acta fundacional de constituci\u00f3n. Un acontecimiento de profunda relevancia para la trama social de la localidad, porque comenzaba a construirse un espacio institucional de pertenencia, como herramienta propia de la comunidad para buscar soluciones solidarias a sus necesidades.<\/p>\n<!-- \/wp:paragraph -->\n\n<!-- wp:paragraph -->\n<p>Desde entonces, se suma al movimiento cooperativista, con el objetivo de prestar servicios sustentables, eficientes y al menor costo para los usuarios. A\u00fan en momentos muy adversos, las cooperativas de servicios han invertido recursos, desarrollado proyectos, movilizado a la comunidad, creando espacios de participaci\u00f3n, para sostener prestaciones de calidad y favorecer el acceso equitativo de toda la poblaci\u00f3n a servicios b\u00e1sicos, que constituyen derechos fundamentales.<\/p>\n<!-- \/wp:paragraph -->\n\n<!-- wp:paragraph -->\n<p>Una vez que se conforma la Cooperativa comenz\u00f3 a ejecutarse el Plan Nacional de Agua Potable.<\/p>\n<!-- \/wp:paragraph -->\n\n<!-- wp:paragraph -->\n<p>Las obras, que inclu\u00edan tambi\u00e9n a Unquillo y Mendiolaza, fueron dirigidas por el Estado Provincial, pero costeadas con un cr\u00e9dito del Banco Interamericano de Desarrollo, fondos del gobierno Nacional y un importante aporte de los asociados.<\/p>\n<!-- \/wp:paragraph -->\n\n<!-- wp:paragraph -->\n<p>Para proveer de agua potable a las localidades, se construy\u00f3 la Planta Potabilizadora La Quebrada, que se inaugur\u00f3 en 1986 y en acueducto que un\u00eda las tres localidades.<\/p>\n<!-- \/wp:paragraph -->\n\n<!-- wp:paragraph -->\n<p>Sin embargo, el servicio de agua corriente reci\u00e9n se brindar\u00eda desde 1991, dado que la construcci\u00f3n inicial del sistema, ejecutada y supervisada por la Provincia, se realiz\u00f3 con materiales inadecuados y debi\u00f3 ser reemplazado completamente.<\/p>\n<!-- \/wp:paragraph -->\n\n<!-- wp:paragraph -->\n<p>En los a\u00f1os sucesivos, la Cooperativa invirti\u00f3 recursos y desarroll\u00f3 gestiones para mejorar la eficiencia del sistema.<\/p>\n<!-- \/wp:paragraph -->\n\n<!-- wp:paragraph -->\n<p>Tambi\u00e9n fue ampliando sus prestaciones y sus l\u00edneas de trabajo. Telefon\u00eda celular, venta de productos y una fuerte pol\u00edtica cultural y educativa.<\/p>\n<!-- \/wp:paragraph -->\n\n<!-- wp:paragraph -->\n<p>En 2008 se abri\u00f3 el Centro Cultural Cooperativo Casa Azul, donde se llevan a cabo talleres, seminarios, cursos de formaci\u00f3n docente y laboral; ciclos de charlas, m\u00fasica, teatro, danza; exposiciones; encuentros y actividades con otras organizaciones.<\/p>\n<!-- \/wp:paragraph -->\n\n<!-- wp:paragraph -->\n<p>Y en 2010 se organiz\u00f3 un programa de educaci\u00f3n que articula con todas las escuelas de la ciudad, centros vecinales y otras organizaciones de la zona.<\/p>\n<!-- \/wp:paragraph -->\n\n<!-- wp:paragraph -->\n<p>En 2012 se cre\u00f3 un \u00e1rea de Comunicaci\u00f3n, cultura y educaci\u00f3n para fortalecer esos proyectos y profundizar los canales de comunicaci\u00f3n con los asociados.<\/p>\n<!-- \/wp:paragraph -->\n\n<!-- wp:paragraph -->\n<p>El sostenimiento y el crecimiento de la Cooperativa descans\u00f3 siempre en el compromiso y el esfuerzo de sus asociados, sus trabajadores y de toda la comunidad. Durante diez a\u00f1os, el servicio de distribuci\u00f3n de agua potable se brind\u00f3 sin contrato de concesi\u00f3n que estipulara reglas y que implementar\u00e1 una tarifa adecuada para hacer frente a los costos. Fueron a\u00f1os de una profunda crisis h\u00eddrica que puso en riesgo la prestaci\u00f3n. Gracias a la participaci\u00f3n activa de todos, en mayo del a\u00f1o 2013, se firma finalmente el Contrato de Concesi\u00f3n del Servicio de Agua Potable, formalizando la adjudicaci\u00f3n del servicio y un conjunto de regulaciones indispensables para la sustentabilidad del mismo.<\/p>\n<!-- \/wp:paragraph -->\n\n<!-- wp:paragraph -->\n<p>A lo largo de m\u00e1s de treinta a\u00f1os, fuimos definiendo y construyendo la Cooperativa que queremos ser.<\/p>\n<!-- \/wp:paragraph -->\n\n<!-- wp:paragraph -->\n<p>Hoy la Cooperativa cuenta con m\u00e1s de 5.000 asociados. Resulta una verdadera herramienta para el desarrollo local y regional. Es una instituci\u00f3n referenciada por su pol\u00edtica de acceso a la informaci\u00f3n, la transparencia y por su presencia en los \u00e1mbitos de discusi\u00f3n y trabajo colectivo en defensa de la cuenca h\u00eddrica. Planifica sus acciones desde una perspectiva de derechos y apuesta al desarrollo de la cultura local como territorio donde se promueven valores cooperativos.<\/p>\n<!-- \/wp:paragraph -->","_et_gb_content_width":"","footnotes":""},"class_list":["post-102","page","type-page","status-publish","has-post-thumbnail","hentry"],"acf":[],"_links":{"self":[{"href":"https:\/\/cooprc.com.ar\/v1\/wp-json\/wp\/v2\/pages\/102","targetHints":{"allow":["GET"]}}],"collection":[{"href":"https:\/\/cooprc.com.ar\/v1\/wp-json\/wp\/v2\/pages"}],"about":[{"href":"https:\/\/cooprc.com.ar\/v1\/wp-json\/wp\/v2\/types\/page"}],"author":[{"embeddable":true,"href":"https:\/\/cooprc.com.ar\/v1\/wp-json\/wp\/v2\/users\/1"}],"replies":[{"embeddable":true,"href":"https:\/\/cooprc.com.ar\/v1\/wp-json\/wp\/v2\/comments?post=102"}],"version-history":[{"count":8,"href":"https:\/\/cooprc.com.ar\/v1\/wp-json\/wp\/v2\/pages\/102\/revisions"}],"predecessor-version":[{"id":233789,"href":"https:\/\/cooprc.com.ar\/v1\/wp-json\/wp\/v2\/pages\/102\/revisions\/233789"}],"wp:featuredmedia":[{"embeddable":true,"href":"https:\/\/cooprc.com.ar\/v1\/wp-json\/wp\/v2\/media\/103"}],"wp:attachment":[{"href":"https:\/\/cooprc.com.ar\/v1\/wp-json\/wp\/v2\/media?parent=102"}],"curies":[{"name":"wp","href":"https:\/\/api.w.org\/{rel}","templated":true}]}}