{"id":118,"date":"2023-07-06T14:16:56","date_gmt":"2023-07-06T14:16:56","guid":{"rendered":"https:\/\/cooprc.com.ar\/v1\/?page_id=118"},"modified":"2023-09-19T17:48:26","modified_gmt":"2023-09-19T20:48:26","slug":"cooperativismo","status":"publish","type":"page","link":"https:\/\/cooprc.com.ar\/v1\/cooperativismo\/","title":{"rendered":"Cooperativismo"},"content":{"rendered":"[et_pb_section fb_built=&#8221;1&#8243; _builder_version=&#8221;4.21.0&#8243; background_enable_image=&#8221;off&#8221; top_divider_style=&#8221;wave2&#8243; top_divider_color=&#8221;#405798&#8243; top_divider_flip=&#8221;vertical|horizontal&#8221; global_colors_info=&#8221;{}&#8221;][et_pb_row _builder_version=&#8221;4.21.0&#8243; _module_preset=&#8221;default&#8221; global_colors_info=&#8221;{}&#8221;][et_pb_column type=&#8221;4_4&#8243; _builder_version=&#8221;4.21.0&#8243; _module_preset=&#8221;default&#8221; global_colors_info=&#8221;{}&#8221;][et_pb_text _builder_version=&#8221;4.21.0&#8243; _dynamic_attributes=&#8221;content&#8221; _module_preset=&#8221;default&#8221; text_font=&#8221;Open Sans|700||||on|||&#8221; text_font_size=&#8221;40px&#8221; global_colors_info=&#8221;{}&#8221;]@ET-DC@eyJkeW5hbWljIjp0cnVlLCJjb250ZW50IjoicG9zdF90aXRsZSIsInNldHRpbmdzIjp7ImJlZm9yZSI6IiIsImFmdGVyIjoiIn19@[\/et_pb_text][et_pb_divider color=&#8221;#E09900&#8243; divider_weight=&#8221;6px&#8221; _builder_version=&#8221;4.21.0&#8243; _module_preset=&#8221;default&#8221; width=&#8221;20%&#8221; locked=&#8221;off&#8221; global_colors_info=&#8221;{}&#8221;][\/et_pb_divider][et_pb_text _builder_version=&#8221;4.22.1&#8243; _module_preset=&#8221;default&#8221; text_font=&#8221;Open Sans||||||||&#8221; text_font_size=&#8221;25px&#8221; hover_enabled=&#8221;0&#8243; global_colors_info=&#8221;{}&#8221; sticky_enabled=&#8221;0&#8243;]\n<p><strong>\u00bfQu\u00e9 es una cooperativa? <\/strong><\/p>\n[\/et_pb_text][et_pb_text _builder_version=&#8221;4.22.1&#8243; _module_preset=&#8221;default&#8221; text_font=&#8221;Open Sans||||||||&#8221; text_font_size=&#8221;15px&#8221; hover_enabled=&#8221;0&#8243; global_colors_info=&#8221;{}&#8221; sticky_enabled=&#8221;0&#8243;]\n<p>Una cooperativa es una asociaci\u00f3n aut\u00f3noma de personas unidas voluntariamente, para satisfacer sus necesidades y aspiraciones econ\u00f3micas, sociales y culturales en com\u00fan, mediante una empresa de propiedad conjunta y de gesti\u00f3n democr\u00e1tica. Existen diversos tipos de cooperativas y una forma de clasificarlas es por su objeto social, es decir, por las actividades que decide realizar. Las hay de trabajo, de provisi\u00f3n de servicios p\u00fablicos, agropecuarias, de vivienda, cr\u00e9dito y consumo, entre otras.<\/p>\n[\/et_pb_text][\/et_pb_column][\/et_pb_row][et_pb_row column_structure=&#8221;1_2,1_2&#8243; _builder_version=&#8221;4.21.0&#8243; _module_preset=&#8221;default&#8221; global_colors_info=&#8221;{}&#8221;][et_pb_column type=&#8221;1_2&#8243; _builder_version=&#8221;4.21.0&#8243; _module_preset=&#8221;default&#8221; global_colors_info=&#8221;{}&#8221;][et_pb_text _builder_version=&#8221;4.21.0&#8243; _module_preset=&#8221;default&#8221; text_font=&#8221;Open Sans||||||||&#8221; text_font_size=&#8221;25px&#8221; global_colors_info=&#8221;{}&#8221;]\n<p><strong>Valores<\/strong><\/p>\n[\/et_pb_text][et_pb_text _builder_version=&#8221;4.21.0&#8243; _module_preset=&#8221;default&#8221; text_font=&#8221;Open Sans||||||||&#8221; text_font_size=&#8221;15px&#8221; global_colors_info=&#8221;{}&#8221;]\n<p><strong>Ayuda mutua:<\/strong> se basa en la creencia de que la acci\u00f3n conjunta y la responsabilidad compartida permiten superar las limitaciones individuales y ampl\u00edan las posibilidades de resolver problemas de manera colectiva.<\/p>\n<p><strong>Responsabilidad:<\/strong> la existencia y la continuidad de la Cooperativa es responsabilidad de todos sus Asociados, quienes est\u00e1n comprometidos con su promoci\u00f3n.<\/p>\n<p><strong>Democracia:<\/strong> se refiere a la manera de administrar o gerenciar la propiedad com\u00fan de la Cooperativa. Para ello se requiere la participaci\u00f3n de todos sus asociados, quienes deben tener acceso igualitario a la informaci\u00f3n y la posibilidad de participar en las decisiones.<\/p>\n[\/et_pb_text][\/et_pb_column][et_pb_column type=&#8221;1_2&#8243; _builder_version=&#8221;4.21.0&#8243; _module_preset=&#8221;default&#8221; global_colors_info=&#8221;{}&#8221;][et_pb_image src=&#8221;https:\/\/cooprc.com.ar\/v1\/wp-content\/uploads\/2023\/07\/cooperativismo_800_900.jpg&#8221; title_text=&#8221;cooperativismo_800_900&#8243; _builder_version=&#8221;4.21.0&#8243; _module_preset=&#8221;default&#8221; global_colors_info=&#8221;{}&#8221;][\/et_pb_image][\/et_pb_column][\/et_pb_row][et_pb_row _builder_version=&#8221;4.21.0&#8243; _module_preset=&#8221;default&#8221; global_colors_info=&#8221;{}&#8221;][et_pb_column type=&#8221;4_4&#8243; _builder_version=&#8221;4.21.0&#8243; _module_preset=&#8221;default&#8221; global_colors_info=&#8221;{}&#8221;][et_pb_text _builder_version=&#8221;4.21.0&#8243; _module_preset=&#8221;default&#8221; text_font=&#8221;Open Sans||||||||&#8221; text_font_size=&#8221;15px&#8221; global_colors_info=&#8221;{}&#8221;]\n<p>\u00a0<strong>Igualdad:<em> <\/em><\/strong>Siendo la persona la unidad b\u00e1sica de las cooperativas, todos sus asociados tienen el derecho a participar, a ser informados, a ser escuchados y a involucrarse en la toma de decisiones, sin diferencias por sus opiniones, educaci\u00f3n, pertenencia social, origen o religi\u00f3n.<\/p>\n<p><strong>Equidad:<\/strong> este valor est\u00e1 presente en el momento de retribuir la participaci\u00f3n de los asociados en la cooperativa, tanto cuando se trata distribuci\u00f3n de excedentes o de reservas, como cuando se trata de reducci\u00f3n de costos.<\/p>\n<p><strong>Solidaridad:<\/strong> Los dirigentes tienen la responsabilidad de que prime el inter\u00e9s general por sobre el particular. Deben garantizar a todos los asociados el trato justo. Ello es extensivo a los empleados y a quienes est\u00e1n vinculados con la Cooperativa, como as\u00ed tambi\u00e9n la comunidad de la que es parte. La solidaridad significa tambi\u00e9n que la Cooperativa tiene la responsabilidad de velar por el inter\u00e9s colectivo de sus miembros.<\/p>\n<p><strong>Honestidad<\/strong>: que se manifiesta en la calidad, en el precio justo de los servicios que presta y en el manejo transparente de los recursos.<\/p>\n<p><strong>Transparencia:<\/strong> regularmente las Cooperativas brindan informaci\u00f3n de sus operaciones a sus Asociados, al p\u00fablico y a los Gobiernos.<\/p>\n<p><strong>Responsabilidad social y preocupaci\u00f3n por los dem\u00e1s:<\/strong> se manifiesta en el hecho de estar abiertas para sus asociados y en el compromiso de asistir a las personas que desean ayudarse a s\u00ed mismas, procurando de este modo el bienestar de la comunidad.<\/p>\n[\/et_pb_text][\/et_pb_column][\/et_pb_row][et_pb_row _builder_version=&#8221;4.16&#8243; background_size=&#8221;initial&#8221; background_position=&#8221;top_left&#8221; background_repeat=&#8221;repeat&#8221; global_colors_info=&#8221;{}&#8221;][et_pb_column type=&#8221;4_4&#8243; _builder_version=&#8221;4.16&#8243; custom_padding=&#8221;|||&#8221; global_colors_info=&#8221;{}&#8221; custom_padding__hover=&#8221;|||&#8221;][et_pb_text _builder_version=&#8221;4.21.0&#8243; _module_preset=&#8221;default&#8221; text_font=&#8221;Open Sans||||||||&#8221; text_font_size=&#8221;25px&#8221; global_colors_info=&#8221;{}&#8221;]\n<p><strong>Principios<\/strong><\/p>\n[\/et_pb_text][et_pb_text _builder_version=&#8221;4.21.0&#8243; _module_preset=&#8221;default&#8221; text_font=&#8221;Open Sans||||||||&#8221; text_font_size=&#8221;15px&#8221; global_colors_info=&#8221;{}&#8221;]\n<p><strong>Adhesi\u00f3n voluntaria y Abierta<\/strong>: Las cooperativas son organizaciones voluntarias, abiertas a todas las personas capaces de utilizar sus servicios y dispuestas a aceptar las responsabilidades de ser socio, sin discriminaci\u00f3n de sexo, social, racial, pol\u00edtica, o religiosa.<\/p>\n<p><!-- \/divi:paragraph --><\/p>\n<p><!-- divi:paragraph --><strong>Gesti\u00f3n democr\u00e1tica por parte de los Socios<\/strong>: Las cooperativas son organizaciones gestionadas democr\u00e1ticamente por los socios, los cuales participan activamente en la fijaci\u00f3n de sus pol\u00edticas y en la toma de decisiones. Las personas elegidas para representar y gestionar las cooperativas son responsables ante los socios.<\/p>\n<p>\u00a0<!-- divi:paragraph --><strong>Participaci\u00f3n econ\u00f3mica de los Socios<\/strong>: Los socios contribuyen equitativamente al capital de sus cooperativas y lo gestionan de forma democr\u00e1tica. Parte de ese capital es normalmente propiedad com\u00fan de la cooperativa, al tiempo que se pueden asignar los excedentes a los fines y actividades aprobadas por los socios.<\/p>\n<p><!-- \/divi:paragraph --><\/p>\n<p>\u00a0<!-- divi:paragraph --><strong>Autonom\u00eda e Independencia<\/strong>: Las cooperativas son organizaciones aut\u00f3nomas de autoayuda, gestionadas por sus socios. La firma de acuerdos con otras organizaciones, incluidos los gobiernos, o la obtenci\u00f3n de capital de fuentes externas, han de asegurar el control democr\u00e1tico por parte de los socios y mantener la autonom\u00eda cooperativa.<\/p>\n<p><!-- \/divi:paragraph --><\/p>\n<p><strong>Educaci\u00f3n, Formaci\u00f3n e Informaci\u00f3n<\/strong>: Las cooperativas proporcionan educaci\u00f3n y formaci\u00f3n a los socios, representantes elegidos, directivos y empleados para que puedan contribuir de forma eficaz al desarrollo de sus cooperativas.<\/p>\n<p><!-- \/divi:paragraph --><\/p>\n<p><strong>Cooperaci\u00f3n entre Cooperativas<\/strong>: Las cooperativas deben servir a sus socios lo m\u00e1s eficazmente posible y fortalecer el movimiento cooperativo trabajando conjuntamente mediante estructuras locales, nacionales, regionales e internacionales.<\/p>\n<p><!-- \/divi:paragraph --><\/p>\n<p><strong>Inter\u00e9s por la Comunidad<\/strong>: Las cooperativas trabajan para conseguir el desarrollo sostenible de sus comunidades mediante pol\u00edticas aprobadas por sus socios.<\/p>\n<p><!-- \/divi:paragraph --><\/p>\n<p>&nbsp;<\/p>\n[\/et_pb_text][\/et_pb_column][\/et_pb_row][\/et_pb_section]\n","protected":false},"excerpt":{"rendered":"<p>\u00bfQu\u00e9 es una cooperativa? Una cooperativa es una asociaci\u00f3n aut\u00f3noma de personas unidas voluntariamente, para satisfacer sus necesidades y aspiraciones econ\u00f3micas, sociales y culturales en com\u00fan, mediante una empresa de propiedad conjunta y de gesti\u00f3n democr\u00e1tica. Existen diversos tipos de cooperativas y una forma de clasificarlas es por su objeto social, es decir, por las [&hellip;]<\/p>\n","protected":false},"author":1,"featured_media":0,"parent":0,"menu_order":0,"comment_status":"closed","ping_status":"closed","template":"","meta":{"_acf_changed":false,"_et_pb_use_builder":"on","_et_pb_old_content":"","_et_gb_content_width":"","footnotes":""},"class_list":["post-118","page","type-page","status-publish","hentry"],"acf":[],"_links":{"self":[{"href":"https:\/\/cooprc.com.ar\/v1\/wp-json\/wp\/v2\/pages\/118","targetHints":{"allow":["GET"]}}],"collection":[{"href":"https:\/\/cooprc.com.ar\/v1\/wp-json\/wp\/v2\/pages"}],"about":[{"href":"https:\/\/cooprc.com.ar\/v1\/wp-json\/wp\/v2\/types\/page"}],"author":[{"embeddable":true,"href":"https:\/\/cooprc.com.ar\/v1\/wp-json\/wp\/v2\/users\/1"}],"replies":[{"embeddable":true,"href":"https:\/\/cooprc.com.ar\/v1\/wp-json\/wp\/v2\/comments?post=118"}],"version-history":[{"count":7,"href":"https:\/\/cooprc.com.ar\/v1\/wp-json\/wp\/v2\/pages\/118\/revisions"}],"predecessor-version":[{"id":233790,"href":"https:\/\/cooprc.com.ar\/v1\/wp-json\/wp\/v2\/pages\/118\/revisions\/233790"}],"wp:attachment":[{"href":"https:\/\/cooprc.com.ar\/v1\/wp-json\/wp\/v2\/media?parent=118"}],"curies":[{"name":"wp","href":"https:\/\/api.w.org\/{rel}","templated":true}]}}