{"id":136,"date":"2023-07-07T22:37:13","date_gmt":"2023-07-07T22:37:13","guid":{"rendered":"https:\/\/cooprc.com.ar\/v1\/?page_id=136"},"modified":"2023-07-07T22:38:57","modified_gmt":"2023-07-07T22:38:57","slug":"planta-potabilizadora-la-quebrada","status":"publish","type":"page","link":"https:\/\/cooprc.com.ar\/v1\/planta-potabilizadora-la-quebrada\/","title":{"rendered":"Planta Potabilizadora La Quebrada"},"content":{"rendered":"\n[et_pb_section fb_built=&#8221;1&#8243; admin_label=&#8221;section&#8221; _builder_version=&#8221;4.21.0&#8243; use_background_color_gradient=&#8221;on&#8221; background_color_gradient_direction=&#8221;90deg&#8221; background_color_gradient_stops=&#8221;#ffffff 48%|rgba(255,255,255,0) 100%&#8221; background_color_gradient_overlays_image=&#8221;on&#8221; background_image=&#8221;https:\/\/cooprc.com.ar\/v1\/wp-content\/uploads\/2023\/07\/FOTO-4.jpeg&#8221; top_divider_style=&#8221;wave2&#8243; top_divider_color=&#8221;#405798&#8243; hover_enabled=&#8221;0&#8243; global_colors_info=&#8221;{}&#8221; title_text=&#8221;FOTO-4&#8243; sticky_enabled=&#8221;0&#8243;][et_pb_row column_structure=&#8221;2_3,1_3&#8243; admin_label=&#8221;row&#8221; _builder_version=&#8221;4.21.0&#8243; background_enable_image=&#8221;off&#8221; background_size=&#8221;initial&#8221; background_position=&#8221;center_left&#8221; custom_padding=&#8221;9px|||||&#8221; global_colors_info=&#8221;{}&#8221;][et_pb_column type=&#8221;2_3&#8243; _builder_version=&#8221;4.21.0&#8243; background_enable_color=&#8221;off&#8221; custom_padding=&#8221;|||&#8221; global_colors_info=&#8221;{}&#8221; custom_padding__hover=&#8221;|||&#8221;][et_pb_text _builder_version=&#8221;4.21.0&#8243; _dynamic_attributes=&#8221;content&#8221; _module_preset=&#8221;default&#8221; text_font=&#8221;Open Sans|700||||on|||&#8221; text_font_size=&#8221;40px&#8221; global_colors_info=&#8221;{}&#8221;]@ET-DC@eyJkeW5hbWljIjp0cnVlLCJjb250ZW50IjoicG9zdF90aXRsZSIsInNldHRpbmdzIjp7ImJlZm9yZSI6IiIsImFmdGVyIjoiIn19@[\/et_pb_text][et_pb_divider color=&#8221;#0C71C3&#8243; divider_weight=&#8221;6px&#8221; _builder_version=&#8221;4.21.0&#8243; _module_preset=&#8221;default&#8221; width=&#8221;20%&#8221; global_colors_info=&#8221;{}&#8221;][\/et_pb_divider][et_pb_text admin_label=&#8221;Text&#8221; _builder_version=&#8221;4.21.0&#8243; text_font=&#8221;Open Sans||||||||&#8221; text_font_size=&#8221;15px&#8221; background_size=&#8221;initial&#8221; background_position=&#8221;top_left&#8221; background_repeat=&#8221;repeat&#8221; global_colors_info=&#8221;{}&#8221;]<p>Ubicada en el departamento Col\u00f3n, en el faldeo occidental de las sierras chicas a 7 km de la ciudad de R\u00edo Ceballos, trata el agua que se extrae del embalse del dique La Quebrada.<\/p>\n<p>Este embalse a 750 m sobre el nivel del mar posee una superficie cota m\u00e1xima de 30 has. Pudiendo almacenar un volumen m\u00e1ximo de 3,3 Hm3, se alimenta de afluentes Los Hornillos y Colanchanga.<\/p>\n<h3>El Proceso de Potabilizaci\u00f3n:<\/h3>\n<p><strong>1.Captaci\u00f3n<\/strong><\/p>\n<p>La captaci\u00f3n del Agua Cruda se realiza en el Dique La Quebrada a 24 m de profundidad. Debido a la profundidad con la que se hace la extracci\u00f3n del agua cruda, dependiendo de la \u00e9poca del a\u00f1o, puede presentar<\/p>\n<p><strong>2. Aireaci\u00f3n<\/strong><\/p>\n<p>Es el primer tratamiento que recibe el agua cruda. Se la hace pasar por dos Torres de Aireaci\u00f3n, que la ponen en contacto con aire en contracorriente. En esta etapa comienza a oxigenarse el agua y esto ayuda a eliminar olores y sabores.<\/p>\n<p><strong>3. Precloraci\u00f3n<\/strong><\/p>\n<p>Inmediatamente despu\u00e9s el Agua se pone en contacto con Hipoclorito de Sodio (Lavandina Concentrada). Este qu\u00edmico tiene dos funciones, en primer lugar, es un desinfectante que elimina todos microorganismos vivos en el agua y en segundo lugar oxida todos los metales que pudiera tener el agua (en este tipo de diques son el Hierro y el Manganeso, de color rojo y negro respectivamente), para evitar la formaci\u00f3n de esos dep\u00f3sitos en las ca\u00f1er\u00edas de las redes o Cisternas del sistema.<\/p>\n<p><strong>4. Adici\u00f3n de Pac 18<\/strong><\/p>\n<p>En esta etapa se agrega un pol\u00edmero de Aluminio (floculante) que tiene la propiedad de aglutinar todo el material que haya en suspensi\u00f3n en el agua y que se clarifique. Comienza a formarse un Co\u00e1gulo o Fl\u00f3culo (Denominado FLOC).<\/p>\n<p><strong>5. Floculaci\u00f3n o Coagulaci\u00f3n<\/strong><\/p>\n<p>Esta parte del proceso busca que el Floc formado vaya incrementado su tama\u00f1o para que el proceso de separaci\u00f3n sea mas efectivo. Para conseguir este objetivo se hace circular el agua a trav\u00e9s de placas dispuestas en zigzag para aumentar el tiempo de residencia en el floculador y se alcance el mayor tama\u00f1o posible de part\u00edculas aglutinadas.<\/p>\n<p><strong>6. Decantaci\u00f3n o Sedimentaci\u00f3n<\/strong><\/p>\n<p>Una vez que el Floc formado ingresa en esta etapa cae hacia el fondo del decantador por efecto de la gravedad. Por eso es tan importantes que la part\u00edcula de Floc sea lo mas grande, y por ende, lo m\u00e1s pesada posible. Se capta el agua superficial, debido a que es la que tiene la menor cantidad de part\u00edculas que pudieran quedar en suspensi\u00f3n y se conducen hasta la siguiente etapa.<\/p>\n<p><strong>7. Filtraci\u00f3n<\/strong><\/p>\n<p>Es la \u00faltima etapa del proceso de potabilizaci\u00f3n. Aqu\u00ed el agua decantada atraviesa un Filtro formado por varios mantos de \u00e1ridos de distintos tama\u00f1os, desde canto rodado hasta arena fina del R\u00edo Paran\u00e1. El objetivo es retener cualquier part\u00edcula que hubiera podido ser arrastrada en el proceso de decantaci\u00f3n. De est\u00e1 manera el agua resultante no solo est\u00e1 desinfectada sino que adem\u00e1s es cristalina.<\/p>\n<p><strong>8. Poscloraci\u00f3n<\/strong><\/p>\n<p>Una vez filtrada el agua se ajusta la cloraci\u00f3n final que va a tener para garantizar que en todo el trayecto hasta los domicilios se encuentre con la dosis m\u00ednima necesaria para asegurar la calidad e inocuidad de la misma.<\/p>\n<p><strong>9. Almacenamiento<\/strong><\/p>\n<p>Una vez potabilizada el agua se almacena en Cisternas Primarias dentro de la Planta hasta que el sistema la demande.<\/p>\n<p><strong>10. Distribuci\u00f3n<\/strong><\/p>\n<p>La distribuci\u00f3n a las diferentes localidades se efect\u00faa mediante un acueducto Troncal, que traslada el agua hasta las distintas Cisternas Secundarias, desde las cuales se distribuye a trav\u00e9s de las Redes de distribuci\u00f3n local.<\/p>\n<h3>TRABAJOS DE RUTINA:<\/h3>\n<p><strong>DIARIOS<\/strong>:<\/p>\n<p>Cada 4hs se muestrea el agua cruda,decantada y filtrada para determinar en laboratorio turbiedad, temperatura, ph y cloro libre<\/p>\n<p><strong>SEMANALES:<\/strong><\/p>\n<p>Se realizan muestreos de la cisterna de la planta y las de Rio Ceballos y Unquillo para determinaciones f\u00edsico- qu\u00edmicas y bacteriol\u00f3gicas. Se extraen muestras y se analizan en laboratorios de la planta para as\u00ed garantizar la calidad del agua que va a ser consumida.<\/p>\n<p>Se realizan limpieza de:<\/p>\n<p>Torre de aireaci\u00f3n<br \/>Un floculador con su correspondiente decantador<br \/>Piletones de agua de desbarre y de agua de reciclado<br \/>Pasillos perimetrales de decantadores, floculadores y filtros<\/p>[\/et_pb_text][\/et_pb_column][et_pb_column type=&#8221;1_3&#8243; _builder_version=&#8221;4.16&#8243; custom_padding=&#8221;|||&#8221; global_colors_info=&#8221;{}&#8221; custom_padding__hover=&#8221;|||&#8221;][\/et_pb_column][\/et_pb_row][\/et_pb_section]\n","protected":false},"excerpt":{"rendered":"<p>Ubicada en el departamento Col\u00f3n, en el faldeo occidental de las sierras chicas a 7 km de la ciudad de R\u00edo Ceballos, trata el agua que se extrae del embalse del dique La Quebrada. Este embalse a 750 m sobre el nivel del mar posee una superficie cota m\u00e1xima de 30 has. Pudiendo almacenar un [&hellip;]<\/p>\n","protected":false},"author":1,"featured_media":0,"parent":0,"menu_order":0,"comment_status":"closed","ping_status":"closed","template":"","meta":{"_acf_changed":false,"_et_pb_use_builder":"on","_et_pb_old_content":"","_et_gb_content_width":"","footnotes":""},"class_list":["post-136","page","type-page","status-publish","hentry"],"acf":[],"_links":{"self":[{"href":"https:\/\/cooprc.com.ar\/v1\/wp-json\/wp\/v2\/pages\/136","targetHints":{"allow":["GET"]}}],"collection":[{"href":"https:\/\/cooprc.com.ar\/v1\/wp-json\/wp\/v2\/pages"}],"about":[{"href":"https:\/\/cooprc.com.ar\/v1\/wp-json\/wp\/v2\/types\/page"}],"author":[{"embeddable":true,"href":"https:\/\/cooprc.com.ar\/v1\/wp-json\/wp\/v2\/users\/1"}],"replies":[{"embeddable":true,"href":"https:\/\/cooprc.com.ar\/v1\/wp-json\/wp\/v2\/comments?post=136"}],"version-history":[{"count":5,"href":"https:\/\/cooprc.com.ar\/v1\/wp-json\/wp\/v2\/pages\/136\/revisions"}],"predecessor-version":[{"id":144,"href":"https:\/\/cooprc.com.ar\/v1\/wp-json\/wp\/v2\/pages\/136\/revisions\/144"}],"wp:attachment":[{"href":"https:\/\/cooprc.com.ar\/v1\/wp-json\/wp\/v2\/media?parent=136"}],"curies":[{"name":"wp","href":"https:\/\/api.w.org\/{rel}","templated":true}]}}