{"id":166,"date":"2023-07-07T23:52:09","date_gmt":"2023-07-07T23:52:09","guid":{"rendered":"https:\/\/cooprc.com.ar\/v1\/?page_id=166"},"modified":"2023-07-08T00:12:38","modified_gmt":"2023-07-08T00:12:38","slug":"tramite-de-unificacion-de-lotes","status":"publish","type":"page","link":"https:\/\/cooprc.com.ar\/v1\/tramite-de-unificacion-de-lotes\/","title":{"rendered":"Tr\u00e1mite de Unificaci\u00f3n de Lotes"},"content":{"rendered":"[et_pb_section fb_built=&#8221;1&#8243; admin_label=&#8221;section&#8221; _builder_version=&#8221;4.21.0&#8243; background_enable_image=&#8221;off&#8221; top_divider_style=&#8221;wave2&#8243; top_divider_color=&#8221;#405798&#8243; top_divider_height=&#8221;70px&#8221; top_divider_flip=&#8221;horizontal&#8221; global_colors_info=&#8221;{}&#8221;][et_pb_row column_structure=&#8221;3_5,2_5&#8243; _builder_version=&#8221;4.21.0&#8243; _dynamic_attributes=&#8221;background_image&#8221; _module_preset=&#8221;default&#8221; background_image=&#8221;@ET-DC@eyJkeW5hbWljIjp0cnVlLCJjb250ZW50IjoicG9zdF9mZWF0dXJlZF9pbWFnZSIsInNldHRpbmdzIjp7fX0=@&#8221; parallax=&#8221;on&#8221; custom_padding=&#8221;||0px||false|false&#8221; global_colors_info=&#8221;{}&#8221;][et_pb_column type=&#8221;3_5&#8243; _builder_version=&#8221;4.21.0&#8243; _module_preset=&#8221;default&#8221; global_colors_info=&#8221;{}&#8221;][et_pb_text _builder_version=&#8221;4.21.0&#8243; _dynamic_attributes=&#8221;content&#8221; _module_preset=&#8221;default&#8221; text_font=&#8221;Open Sans|700||||on|||&#8221; text_font_size=&#8221;40px&#8221; header_font=&#8221;Open Sans|700||||on|||&#8221; header_font_size=&#8221;40px&#8221; global_colors_info=&#8221;{}&#8221;]@ET-DC@eyJkeW5hbWljIjp0cnVlLCJjb250ZW50IjoicG9zdF90aXRsZSIsInNldHRpbmdzIjp7ImJlZm9yZSI6IiIsImFmdGVyIjoiIn19@[\/et_pb_text][et_pb_divider color=&#8221;#0C71C3&#8243; divider_weight=&#8221;6px&#8221; _builder_version=&#8221;4.21.0&#8243; _module_preset=&#8221;default&#8221; width=&#8221;20%&#8221; locked=&#8221;off&#8221; global_colors_info=&#8221;{}&#8221;][\/et_pb_divider][et_pb_text admin_label=&#8221;Text&#8221; _builder_version=&#8221;4.21.0&#8243; text_font=&#8221;Open Sans||||||||&#8221; text_font_size=&#8221;15px&#8221; header_4_font=&#8221;Open Sans||||||||&#8221; header_4_text_color=&#8221;#E09900&#8243; header_4_font_size=&#8221;20px&#8221; background_enable_color=&#8221;off&#8221; use_background_color_gradient=&#8221;on&#8221; background_color_gradient_stops=&#8221;rgba(255,255,255,0) 1%|#ffffff 98%&#8221; background_size=&#8221;initial&#8221; background_position=&#8221;top_left&#8221; background_repeat=&#8221;repeat&#8221; custom_margin=&#8221;||||false|false&#8221; custom_padding=&#8221;||||false|false&#8221; global_colors_info=&#8221;{}&#8221;]\n<h4>\u00bfQui\u00e9nes pueden solicitarlo?<\/h4>\n<p>Solo el titular del inmueble<\/p>\n<h4>\u00bfQu\u00e9 papeles se deben presentar?<\/h4>\n<p>Fotocopia del t\u00edtulo o certificado traslativo de dominio<\/p>\n<p>Pedido realizado por escrito detallando la designaci\u00f3n catastral de lotes a unificar<\/p>\n<p>Impuesto municipal de ambos lotes<\/p>\n<h4>\u00bfQu\u00e9 debo tener en cuenta?<\/h4>\n<p>Ninguno de los inmuebles debe tener deuda a la hora de realizar el tr\u00e1mite<\/p>\n<p>La unificaci\u00f3n de cuentas no prescribe ni anula deudas anteriores existentes<\/p>\n<p>Ambos inmuebles deben ser colindantes entre s\u00ed, debiendo tener un uso com\u00fan y pertenecer al mismo titular<\/p>\n<p>Alguno de los inmuebles debe tener el servicio del agua activo<\/p>\n<p><strong>La solicitud queda sujeta a verificaci\u00f3n t\u00e9cnica<\/strong><\/p>\n[\/et_pb_text][\/et_pb_column][et_pb_column type=&#8221;2_5&#8243; _builder_version=&#8221;4.21.0&#8243; _module_preset=&#8221;default&#8221; global_colors_info=&#8221;{}&#8221;][et_pb_button button_url=&#8221;@ET-DC@eyJkeW5hbWljIjp0cnVlLCJjb250ZW50IjoicG9zdF9saW5rX3VybF9wYWdlIiwic2V0dGluZ3MiOnsicG9zdF9pZCI6IjE3NiJ9fQ==@&#8221; url_new_window=&#8221;on&#8221; button_text=&#8221;tramitar la unificaci\u00f3n de lotes. HACE CLICK AQUI&#8221; button_alignment=&#8221;center&#8221; _builder_version=&#8221;4.21.0&#8243; _dynamic_attributes=&#8221;button_url&#8221; _module_preset=&#8221;default&#8221; custom_button=&#8221;on&#8221; button_text_size=&#8221;15px&#8221; button_text_color=&#8221;#FFFFFF&#8221; button_bg_color=&#8221;#ff6600&#8243; button_border_width=&#8221;0px&#8221; button_border_radius=&#8221;60px&#8221; button_font=&#8221;Open Sans|||on|||||&#8221; button_use_icon=&#8221;off&#8221; custom_padding=&#8221;7px|56px|7px|56px|false|true&#8221; animation_style=&#8221;bounce&#8221; animation_duration=&#8221;1500ms&#8221; animation_delay=&#8221;500ms&#8221; hover_enabled=&#8221;0&#8243; locked=&#8221;off&#8221; global_colors_info=&#8221;{}&#8221; transform_styles__hover_enabled=&#8221;on|hover&#8221; transform_scale__hover_enabled=&#8221;on|hover&#8221; transform_translate__hover_enabled=&#8221;on|desktop&#8221; transform_rotate__hover_enabled=&#8221;on|desktop&#8221; transform_skew__hover_enabled=&#8221;on|desktop&#8221; transform_origin__hover_enabled=&#8221;on|desktop&#8221; transform_scale__hover=&#8221;110%|110%&#8221; sticky_enabled=&#8221;0&#8243;][\/et_pb_button][\/et_pb_column][\/et_pb_row][et_pb_row column_structure=&#8221;2_3,1_3&#8243; admin_label=&#8221;row&#8221; _builder_version=&#8221;4.21.0&#8243; background_image=&#8221;https:\/\/cooprc.com.ar\/v1\/wp-content\/uploads\/2023\/07\/cascada-de-los-hornillos-cordoba.jpeg&#8221; parallax=&#8221;on&#8221; width=&#8221;100%&#8221; max_width=&#8221;100%&#8221; height=&#8221;200px&#8221; custom_margin=&#8221;30px||||false|false&#8221; custom_padding=&#8221;||||false|false&#8221; global_colors_info=&#8221;{}&#8221;][et_pb_column type=&#8221;2_3&#8243; _builder_version=&#8221;4.16&#8243; custom_padding=&#8221;|||&#8221; global_colors_info=&#8221;{}&#8221; custom_padding__hover=&#8221;|||&#8221;][\/et_pb_column][et_pb_column type=&#8221;1_3&#8243; _builder_version=&#8221;4.16&#8243; custom_padding=&#8221;|||&#8221; global_colors_info=&#8221;{}&#8221; custom_padding__hover=&#8221;|||&#8221;][\/et_pb_column][\/et_pb_row][\/et_pb_section]\n","protected":false},"excerpt":{"rendered":"<p>\u00bfQui\u00e9nes pueden solicitarlo? Solo el titular del inmueble \u00bfQu\u00e9 papeles se deben presentar? Fotocopia del t\u00edtulo o certificado traslativo de dominio Pedido realizado por escrito detallando la designaci\u00f3n catastral de lotes a unificar Impuesto municipal de ambos lotes \u00bfQu\u00e9 debo tener en cuenta? Ninguno de los inmuebles debe tener deuda a la hora de realizar [&hellip;]<\/p>\n","protected":false},"author":1,"featured_media":0,"parent":0,"menu_order":0,"comment_status":"closed","ping_status":"closed","template":"","meta":{"_acf_changed":false,"_et_pb_use_builder":"on","_et_pb_old_content":"","_et_gb_content_width":"","footnotes":""},"class_list":["post-166","page","type-page","status-publish","hentry"],"acf":[],"_links":{"self":[{"href":"https:\/\/cooprc.com.ar\/v1\/wp-json\/wp\/v2\/pages\/166","targetHints":{"allow":["GET"]}}],"collection":[{"href":"https:\/\/cooprc.com.ar\/v1\/wp-json\/wp\/v2\/pages"}],"about":[{"href":"https:\/\/cooprc.com.ar\/v1\/wp-json\/wp\/v2\/types\/page"}],"author":[{"embeddable":true,"href":"https:\/\/cooprc.com.ar\/v1\/wp-json\/wp\/v2\/users\/1"}],"replies":[{"embeddable":true,"href":"https:\/\/cooprc.com.ar\/v1\/wp-json\/wp\/v2\/comments?post=166"}],"version-history":[{"count":5,"href":"https:\/\/cooprc.com.ar\/v1\/wp-json\/wp\/v2\/pages\/166\/revisions"}],"predecessor-version":[{"id":180,"href":"https:\/\/cooprc.com.ar\/v1\/wp-json\/wp\/v2\/pages\/166\/revisions\/180"}],"wp:attachment":[{"href":"https:\/\/cooprc.com.ar\/v1\/wp-json\/wp\/v2\/media?parent=166"}],"curies":[{"name":"wp","href":"https:\/\/api.w.org\/{rel}","templated":true}]}}