{"id":176,"date":"2023-07-08T00:09:38","date_gmt":"2023-07-08T00:09:38","guid":{"rendered":"https:\/\/cooprc.com.ar\/v1\/?page_id=176"},"modified":"2023-07-08T00:10:28","modified_gmt":"2023-07-08T00:10:28","slug":"unificacion-de-lotes-online","status":"publish","type":"page","link":"https:\/\/cooprc.com.ar\/v1\/unificacion-de-lotes-online\/","title":{"rendered":"Unificaci\u00f3n de Lotes Online"},"content":{"rendered":"\n[et_pb_section fb_built=&#8221;1&#8243; _builder_version=&#8221;4.21.0&#8243; background_enable_image=&#8221;off&#8221; top_divider_style=&#8221;wave2&#8243; top_divider_color=&#8221;#405798&#8243; top_divider_flip=&#8221;vertical|horizontal&#8221; global_colors_info=&#8221;{}&#8221; theme_builder_area=&#8221;post_content&#8221;][et_pb_row _builder_version=&#8221;4.21.0&#8243; _module_preset=&#8221;default&#8221; global_colors_info=&#8221;{}&#8221; theme_builder_area=&#8221;post_content&#8221;][et_pb_column type=&#8221;4_4&#8243; _builder_version=&#8221;4.21.0&#8243; _module_preset=&#8221;default&#8221; global_colors_info=&#8221;{}&#8221; theme_builder_area=&#8221;post_content&#8221;][et_pb_text _builder_version=&#8221;4.21.0&#8243; _dynamic_attributes=&#8221;content&#8221; _module_preset=&#8221;default&#8221; text_font=&#8221;Open Sans|700||||on|||&#8221; text_font_size=&#8221;40px&#8221; global_colors_info=&#8221;{}&#8221; theme_builder_area=&#8221;post_content&#8221;]@ET-DC@eyJkeW5hbWljIjp0cnVlLCJjb250ZW50IjoicG9zdF90aXRsZSIsInNldHRpbmdzIjp7ImJlZm9yZSI6IiIsImFmdGVyIjoiIn19@[\/et_pb_text][et_pb_divider color=&#8221;#E09900&#8243; divider_weight=&#8221;6px&#8221; _builder_version=&#8221;4.21.0&#8243; _module_preset=&#8221;default&#8221; width=&#8221;20%&#8221; locked=&#8221;off&#8221; global_colors_info=&#8221;{}&#8221; theme_builder_area=&#8221;post_content&#8221;][\/et_pb_divider][dvppl_cf7_styler use_form_button_fullwidth=&#8221;on&#8221; cf7=&#8221;175&#8243; form_field_height=&#8221;50px&#8221; form_field_padding=&#8221;10px|15px|10px|15px|false|false&#8221; _builder_version=&#8221;4.21.0&#8243; _module_preset=&#8221;default&#8221; form_field_font_font=&#8221;Open Sans||||||||&#8221; form_field_font_font_size=&#8221;15px&#8221; form_field_font_line_height=&#8221;1em&#8221; labels_font=&#8221;Open Sans||||||||&#8221; labels_font_size=&#8221;16px&#8221; custom_submit_button=&#8221;on&#8221; submit_button_text_size=&#8221;25px&#8221; submit_button_bg_color=&#8221;#ff6600&#8243; submit_button_border_radius=&#8221;10px&#8221; submit_button_font=&#8221;Open Sans||||||||&#8221; submit_button_custom_margin=&#8221;30px||||false|false&#8221; hover_enabled=&#8221;0&#8243; border_width_all_field=&#8221;1px&#8221; border_color_all_field=&#8221;#E09900&#8243; global_colors_info=&#8221;{}&#8221; theme_builder_area=&#8221;post_content&#8221; sticky_enabled=&#8221;0&#8243;][\/dvppl_cf7_styler][\/et_pb_column][\/et_pb_row][\/et_pb_section]\n","protected":false},"excerpt":{"rendered":"<div class=\"et_pb_with_border et_pb_module dvppl_cf7_styler dvppl_cf7_styler_0\">\n\t\t\t\t\n\t\t\t\t\n\t\t\t\t\n\t\t\t\t\n\t\t\t\t\n\t\t\t\t\n\t\t\t\t<div class=\"et_pb_module_inner\">\n\t\t\t\t\t<div class=\"dipe-cf7-container dipe-cf7-button-fullwidth\">\n\t\t\t\t\n\t\t\t\t<div class=\"dipe-cf7 dipe-cf7-styler \">\n\t\t\t\t\t\n<div class=\"wpcf7 no-js\" id=\"wpcf7-f175-o1\" lang=\"es-ES\" dir=\"ltr\" data-wpcf7-id=\"175\">\n<div class=\"screen-reader-response\"><p role=\"status\" aria-live=\"polite\" aria-atomic=\"true\"><\/p> <ul><\/ul><\/div>\n<form action=\"\/v1\/wp-json\/wp\/v2\/pages\/176#wpcf7-f175-o1\" method=\"post\" class=\"wpcf7-form init\" aria-label=\"Formulario de contacto\" enctype=\"multipart\/form-data\" novalidate=\"novalidate\" data-status=\"init\">\n<fieldset class=\"hidden-fields-container\"><input type=\"hidden\" name=\"_wpcf7\" value=\"175\" \/><input type=\"hidden\" name=\"_wpcf7_version\" value=\"6.1.5\" \/><input type=\"hidden\" name=\"_wpcf7_locale\" value=\"es_ES\" \/><input type=\"hidden\" name=\"_wpcf7_unit_tag\" value=\"wpcf7-f175-o1\" \/><input type=\"hidden\" name=\"_wpcf7_container_post\" value=\"0\" \/><input type=\"hidden\" name=\"_wpcf7_posted_data_hash\" value=\"\" \/><input type=\"hidden\" name=\"_wpcf7cf_hidden_group_fields\" value=\"[]\" \/><input type=\"hidden\" name=\"_wpcf7cf_hidden_groups\" value=\"[]\" \/><input type=\"hidden\" name=\"_wpcf7cf_visible_groups\" value=\"[]\" \/><input type=\"hidden\" name=\"_wpcf7cf_repeaters\" value=\"[]\" \/><input type=\"hidden\" name=\"_wpcf7cf_steps\" value=\"{}\" \/><input type=\"hidden\" name=\"_wpcf7cf_options\" value=\"{&quot;form_id&quot;:175,&quot;conditions&quot;:[],&quot;settings&quot;:{&quot;animation&quot;:&quot;yes&quot;,&quot;animation_intime&quot;:200,&quot;animation_outtime&quot;:200,&quot;conditions_ui&quot;:&quot;normal&quot;,&quot;notice_dismissed&quot;:false,&quot;notice_dismissed_rollback-cf7-5.8.1&quot;:true}}\" \/>\n<\/fieldset>\n<div class=\"wpcf7-turnstile cf-turnstile\" data-sitekey=\"0x4AAAAAACyF5yaiuj2Axj2O\" data-response-field-name=\"_wpcf7_turnstile_response\"><\/div>\n\n<div class=\"container\">\n<div class=\"row\">\n  <div class=\"col-12\">\n    <h1 class=\"mt-4 mb-0\">Datos del Titular<\/h1>\n    <label class=\"control-label\">Todos los campos son obligatorios<\/label>\n  <\/div>\n<\/div>\n<div class=\"row mt-3\">\n  <div class=\"col-12 col-md-4\" style=\"align-items: center\">\n    <label class=\"control-label\">Nombre del Titular<\/label>\n  <\/div>\n  <div class=\"col-12 col-md-8\">\n    <span class=\"wpcf7-form-control-wrap\" data-name=\"nombre-titular\"><input size=\"40\" maxlength=\"400\" class=\"wpcf7-form-control wpcf7-text wpcf7-validates-as-required\" aria-required=\"true\" aria-invalid=\"false\" value=\"\" type=\"text\" name=\"nombre-titular\" \/><\/span>\n  <\/div>\n<\/div>\n<div class=\"row mt-4\">\n  <div class=\"col-12 col-md-4\" style=\"align-items: center\">\n    <label class=\"control-label\">Apellido del Titular<\/label>\n  <\/div>\n  <div class=\"col-12 col-md-8\">\n    <span class=\"wpcf7-form-control-wrap\" data-name=\"apellido-titular\"><input size=\"40\" maxlength=\"400\" class=\"wpcf7-form-control wpcf7-text wpcf7-validates-as-required\" aria-required=\"true\" aria-invalid=\"false\" value=\"\" type=\"text\" name=\"apellido-titular\" \/><\/span>\n  <\/div>\n<\/div>\n<div class=\"row mt-4\">\n  <div class=\"col-12 col-md-4\">\n    <label class=\"control-label\">Dni del Titular<\/label>\n    <span class=\"wpcf7-form-control-wrap\" data-name=\"documento-identidad-titular\"><input class=\"wpcf7-form-control wpcf7-number wpcf7-validates-as-required wpcf7-validates-as-number\" aria-required=\"true\" aria-invalid=\"false\" value=\"\" type=\"number\" name=\"documento-identidad-titular\" \/><\/span>\n  <\/div>\n  <div class=\"col-12 col-md-4\">\n    <label class=\"control-label\">Fecha de Nacimiento<\/label>\n    <span class=\"wpcf7-form-control-wrap\" data-name=\"fecha-nacimiento-titular\"><input class=\"wpcf7-form-control wpcf7-date wpcf7-validates-as-required wpcf7-validates-as-date\" aria-required=\"true\" aria-invalid=\"false\" value=\"\" type=\"date\" name=\"fecha-nacimiento-titular\" \/><\/span>\n  <\/div>\n  <div class=\"col-12 col-md-4\">\n    <label class=\"control-label\">Sexo<\/label>\n    <span class=\"wpcf7-form-control-wrap\" data-name=\"sexo-titular\"><select class=\"wpcf7-form-control wpcf7-select wpcf7-validates-as-required\" aria-required=\"true\" aria-invalid=\"false\" name=\"sexo-titular\"><option value=\"Femenino\">Femenino<\/option><option value=\"Masculino\">Masculino<\/option><\/select><\/span>\n  <\/div>\n<\/div>\n<div class=\"row mt-4\">\n  <div class=\"col-12 col-md-6\">\n    <label class=\"control-label\">Tel\u00e9fono Fijo (opcional)<\/label>\n    <div class=\"row\">\n      <div class=\"col-12\">\n        <span class=\"wpcf7-form-control-wrap\" data-name=\"telefono-fijo\"><input class=\"wpcf7-form-control wpcf7-number wpcf7-validates-as-number\" aria-invalid=\"false\" value=\"\" type=\"number\" name=\"telefono-fijo\" \/><\/span>\n      <\/div>\n    <\/div>\n  <\/div>\n  <div class=\"col-12 col-md-6\">\n    <label class=\"control-label\">Tel\u00e9fono Celular<\/label>\n    <div class=\"row\">\n      <div class=\"col-6\">\n        <span class=\"wpcf7-form-control-wrap\" data-name=\"caracteristica-movil\"><input class=\"wpcf7-form-control wpcf7-number wpcf7-validates-as-required wpcf7-validates-as-number\" aria-required=\"true\" aria-invalid=\"false\" placeholder=\"03543\" value=\"\" type=\"number\" name=\"caracteristica-movil\" \/><\/span>\n      <\/div>\n      <div class=\"col-6\">\n        <span class=\"wpcf7-form-control-wrap\" data-name=\"telefono-movil\"><input class=\"wpcf7-form-control wpcf7-number wpcf7-validates-as-required wpcf7-validates-as-number\" aria-required=\"true\" aria-invalid=\"false\" placeholder=\"15xxxxxx\" value=\"\" type=\"number\" name=\"telefono-movil\" \/><\/span>\n      <\/div>\n    <\/div>\n  <\/div>\n<\/div>\n<div class=\"row mt-4\" style=\"align-items: center\">\n  <div class=\"col-12 col-md-2\">\n    <label class=\"control-label\">Email<\/label>\n  <\/div>\n  <div class=\"col-12 col-md-4\">\n    <span class=\"wpcf7-form-control-wrap\" data-name=\"email\"><input size=\"40\" maxlength=\"400\" class=\"wpcf7-form-control wpcf7-email wpcf7-validates-as-required wpcf7-text wpcf7-validates-as-email\" aria-required=\"true\" aria-invalid=\"false\" value=\"\" type=\"email\" name=\"email\" \/><\/span>\n  <\/div>\n  <div class=\"col-12 col-md-2\">\n    <label class=\"control-label\">Reingrese Email<\/label>\n  <\/div>\n  <div class=\"col-12 col-md-4\">\n    <span class=\"wpcf7-form-control-wrap\" data-name=\"email-confirmacion\"><input size=\"40\" maxlength=\"400\" class=\"wpcf7-form-control wpcf7-email wpcf7-validates-as-required wpcf7-text wpcf7-validates-as-email\" aria-required=\"true\" aria-invalid=\"false\" value=\"\" type=\"email\" name=\"email-confirmacion\" \/><\/span>\n  <\/div>\n<\/div>\n<div class=\"row\">\n  <div class=\"col-12\">\n    <h1 class=\"mb-0\">Datos de Lotes a Unificar<\/h1>\n    <label class=\"control-label\">Tener presente que ambos lotes deben tener un destino o uso com\u00fan, y ninguno debe poseer deuda con la Cooperativa. Debe existir en alguno un servicio de agua activo y ambos deben estar a nombre del mismo titular registral.<\/label>\n  <\/div>\n<\/div>\n<div class=\"row mt-3\">\n  <div class=\"col-12\">\n    <strong class=\"control-label\">Lote con servicio de Agua<\/strong>\n  <\/div>\n<\/div>\n<div class=\"row mt-4\">\n  <div class=\"col-12 col-md-6\">\n    <label class=\"control-label\">N\u00famero de Suministro \/ Cuenta<\/label>\n    <span class=\"wpcf7-form-control-wrap\" data-name=\"numero-suministro-con-servicio\"><input size=\"40\" maxlength=\"400\" class=\"wpcf7-form-control wpcf7-text wpcf7-validates-as-required\" aria-required=\"true\" aria-invalid=\"false\" value=\"\" type=\"text\" name=\"numero-suministro-con-servicio\" \/><\/span>\n  <\/div>\n  <div class=\"col-12 col-md-6\">\n    <label class=\"control-label\">N\u00famero de Asociado \/ Titular<\/label>\n    <span class=\"wpcf7-form-control-wrap\" data-name=\"numero-asociado-con-servicio\"><input size=\"40\" maxlength=\"400\" class=\"wpcf7-form-control wpcf7-text wpcf7-validates-as-required\" aria-required=\"true\" aria-invalid=\"false\" value=\"\" type=\"text\" name=\"numero-asociado-con-servicio\" \/><\/span>\n  <\/div>\n<\/div>\n<div class=\"row mt-4\">\n  <div class=\"col-12\">\n    <strong class=\"control-label\">Lote a Unificar:<\/strong>\n  <\/div>\n<\/div>\n<div class=\"row mt-4\">\n  <div class=\"col-12 col-md-6\">\n    <label class=\"control-label\">N\u00famero de Suministro \/ Cuenta<\/label>\n    <span class=\"wpcf7-form-control-wrap\" data-name=\"numero-suministro-a-unificar\"><input size=\"40\" maxlength=\"400\" class=\"wpcf7-form-control wpcf7-text wpcf7-validates-as-required\" aria-required=\"true\" aria-invalid=\"false\" value=\"\" type=\"text\" name=\"numero-suministro-a-unificar\" \/><\/span>\n  <\/div>\n  <div class=\"col-12 col-md-6\">\n    <label class=\"control-label\">N\u00famero de Asociado \/ Titular<\/label>\n    <span class=\"wpcf7-form-control-wrap\" data-name=\"numero-asociado-a-unificar\"><input size=\"40\" maxlength=\"400\" class=\"wpcf7-form-control wpcf7-text wpcf7-validates-as-required\" aria-required=\"true\" aria-invalid=\"false\" value=\"\" type=\"text\" name=\"numero-asociado-a-unificar\" \/><\/span>\n  <\/div>\n<\/div>\n<div class=\"row mt-3\">\n  <div class=\"col-12\">\n    <h1 class=\"mb-0\">Documentaci\u00f3n a adjuntar (Formato PDF o JPG)<\/h1>\n    <label class=\"control-label\">(La informaci\u00f3n a adjuntar debe ser completamente legible y clara<\/label>\n  <\/div>\n<\/div>\n<div class=\"row mt-3\">\n  <div class=\"col-12 col-md-6\">\n    <label class=\"control-label\">D.N.I. Frente del Titular<\/label>\n    <span class=\"wpcf7-form-control-wrap\" data-name=\"archivo-frente-documento\"><input size=\"40\" class=\"wpcf7-form-control wpcf7-file wpcf7-validates-as-required\" accept=\"audio\/*,video\/*,image\/*\" aria-required=\"true\" aria-invalid=\"false\" type=\"file\" name=\"archivo-frente-documento\" \/><\/span>\n  <\/div>\n  <div class=\"col-12 col-md-6\">\n    <label class=\"control-label\">D.N.I. Dorso del Titular<\/label>\n    <span class=\"wpcf7-form-control-wrap\" data-name=\"archivo-dorso-documento\"><input size=\"40\" class=\"wpcf7-form-control wpcf7-file wpcf7-validates-as-required\" accept=\"audio\/*,video\/*,image\/*\" aria-required=\"true\" aria-invalid=\"false\" type=\"file\" name=\"archivo-dorso-documento\" \/><\/span>\n  <\/div>\n<\/div>\n<div class=\"row mt-4\">\n  <div class=\"col-12 col-md-4\">\n    <label class=\"control-label\">Impuesto Municipal del lote con Suministro de Agua (opcional)<\/label>\n    <label class=\"control-label\">(donde figure la designaci\u00f3n catastral)<\/label>\n    <span class=\"wpcf7-form-control-wrap\" data-name=\"archivo-impuesto-lote-con-servicio\"><input size=\"40\" class=\"wpcf7-form-control wpcf7-file\" accept=\"audio\/*,video\/*,image\/*\" aria-invalid=\"false\" type=\"file\" name=\"archivo-impuesto-lote-con-servicio\" \/><\/span>\n  <\/div>\n  <div class=\"col-12 col-md-4\">\n    <label class=\"control-label\">Impuesto Municipal del lote a Unificar (opcional)<\/label>\n    <label class=\"control-label\">(donde figure la designaci\u00f3n catastral)<\/label>\n    <span class=\"wpcf7-form-control-wrap\" data-name=\"archivo-impuesto-lote-a-unificar\"><input size=\"40\" class=\"wpcf7-form-control wpcf7-file\" accept=\"audio\/*,video\/*,image\/*\" aria-invalid=\"false\" type=\"file\" name=\"archivo-impuesto-lote-a-unificar\" \/><\/span>\n  <\/div>\n  <div class=\"col-12 col-md-4\">\n    <label class=\"control-label\">Impuesto Provincial del lote a Unificar (opcional)<\/label>\n    <label class=\"control-label\">(donde figure la designaci\u00f3n catastral)<\/label>\n    <span class=\"wpcf7-form-control-wrap\" data-name=\"archivo-impuesto-provincial-lote-a-unificar\"><input size=\"40\" class=\"wpcf7-form-control wpcf7-file\" accept=\"audio\/*,video\/*,image\/*\" aria-invalid=\"false\" type=\"file\" name=\"archivo-impuesto-provincial-lote-a-unificar\" \/><\/span>\n  <\/div>\n<\/div>\n<div class=\"row pb-5\">\n  <div class=\"col-12 col-md-6\">\n    <h2>\n      <strong class=\"control-label\">Escritura del lote con Servicio de Agua<\/strong>\n    <\/h2>\n    <span class=\"wpcf7-form-control-wrap\" data-name=\"archivo-escritura-lote-con-servicio\"><input size=\"40\" class=\"wpcf7-form-control wpcf7-drag-n-drop-file d-none\" aria-required=\"true\" aria-invalid=\"false\" type=\"file\" multiple=\"multiple\" data-name=\"archivo-escritura-lote-con-servicio\" data-type=\"jpeg|jpg|png|bmp|pdf\" data-min=\"1\" data-max=\"10\" data-id=\"175\" data-version=\"free version 1.3.9.6\" accept=\".jpeg, .jpg, .png, .bmp, .pdf\" \/><\/span>\n  <\/div>\n  <div class=\"col-12 col-md-6\">\n    <h2>\n      <strong class=\"control-label\">Escritura del lote a unificar<\/strong>\n    <\/h2>\n    <span class=\"wpcf7-form-control-wrap\" data-name=\"archivo-escritura-lote-a-unificar\"><input size=\"40\" class=\"wpcf7-form-control wpcf7-drag-n-drop-file d-none\" aria-required=\"true\" aria-invalid=\"false\" type=\"file\" multiple=\"multiple\" data-name=\"archivo-escritura-lote-a-unificar\" data-type=\"jpeg|jpg|png|bmp|pdf\" data-min=\"1\" data-max=\"10\" data-id=\"175\" data-version=\"free version 1.3.9.6\" accept=\".jpeg, .jpg, .png, .bmp, .pdf\" \/><\/span>\n  <\/div>\n<\/div>\n<div class=\"row mt-5\">\n  <div class=\"col-12 col-md-8\" style=\"align-items: center\">\n    <label class=\"control-label\">El presente fomulario no implica la aceptaci\u00f3n del tr\u00e1mite, el mismo se encuentra sujeto a verificaci\u00f3n<\/label>\n  <\/div>\n  <div class=\"col-12 col-md-4 text-md-center\">\n    <input class=\"wpcf7-form-control wpcf7-submit has-spinner\" type=\"submit\" value=\"Enviar\" \/>\n  <\/div>\n<\/div>\n<\/div><div class=\"wpcf7-response-output\" aria-hidden=\"true\"><\/div>\n<\/form>\n<\/div>\n\n\t\t\t\t<\/div>\n\t\t\t<\/div>\n\t\t\t\t<\/div>\n\t\t\t<\/div>\n","protected":false},"author":1,"featured_media":0,"parent":0,"menu_order":0,"comment_status":"closed","ping_status":"closed","template":"","meta":{"_acf_changed":false,"_et_pb_use_builder":"on","_et_pb_old_content":"","_et_gb_content_width":"","footnotes":""},"class_list":["post-176","page","type-page","status-publish","hentry"],"acf":[],"_links":{"self":[{"href":"https:\/\/cooprc.com.ar\/v1\/wp-json\/wp\/v2\/pages\/176","targetHints":{"allow":["GET"]}}],"collection":[{"href":"https:\/\/cooprc.com.ar\/v1\/wp-json\/wp\/v2\/pages"}],"about":[{"href":"https:\/\/cooprc.com.ar\/v1\/wp-json\/wp\/v2\/types\/page"}],"author":[{"embeddable":true,"href":"https:\/\/cooprc.com.ar\/v1\/wp-json\/wp\/v2\/users\/1"}],"replies":[{"embeddable":true,"href":"https:\/\/cooprc.com.ar\/v1\/wp-json\/wp\/v2\/comments?post=176"}],"version-history":[{"count":3,"href":"https:\/\/cooprc.com.ar\/v1\/wp-json\/wp\/v2\/pages\/176\/revisions"}],"predecessor-version":[{"id":179,"href":"https:\/\/cooprc.com.ar\/v1\/wp-json\/wp\/v2\/pages\/176\/revisions\/179"}],"wp:attachment":[{"href":"https:\/\/cooprc.com.ar\/v1\/wp-json\/wp\/v2\/media?parent=176"}],"curies":[{"name":"wp","href":"https:\/\/api.w.org\/{rel}","templated":true}]}}