{"id":229,"date":"2023-07-10T01:37:51","date_gmt":"2023-07-10T01:37:51","guid":{"rendered":"https:\/\/cooprc.com.ar\/v1\/?page_id=229"},"modified":"2023-07-10T01:42:21","modified_gmt":"2023-07-10T01:42:21","slug":"programa-de-insercion-laboral","status":"publish","type":"page","link":"https:\/\/cooprc.com.ar\/v1\/programa-de-insercion-laboral\/","title":{"rendered":"Programa de Inserci\u00f3n Laboral"},"content":{"rendered":"[et_pb_section fb_built=&#8221;1&#8243; admin_label=&#8221;section&#8221; _builder_version=&#8221;4.21.0&#8243; _dynamic_attributes=&#8221;background_image&#8221; use_background_color_gradient=&#8221;on&#8221; background_color_gradient_direction=&#8221;90deg&#8221; background_color_gradient_stops=&#8221;#ffffff 48%|rgba(255,255,255,0) 100%&#8221; background_color_gradient_overlays_image=&#8221;on&#8221; background_image=&#8221;@ET-DC@eyJkeW5hbWljIjp0cnVlLCJjb250ZW50IjoicG9zdF9mZWF0dXJlZF9pbWFnZSIsInNldHRpbmdzIjp7fX0=@&#8221; top_divider_style=&#8221;wave2&#8243; top_divider_color=&#8221;#405798&#8243; global_colors_info=&#8221;{}&#8221;][et_pb_row column_structure=&#8221;1_3,1_3,1_3&#8243; admin_label=&#8221;row&#8221; _builder_version=&#8221;4.21.0&#8243; background_enable_image=&#8221;off&#8221; background_size=&#8221;initial&#8221; background_position=&#8221;center_left&#8221; custom_padding=&#8221;9px|||||&#8221; global_colors_info=&#8221;{}&#8221;][et_pb_column type=&#8221;1_3&#8243; _builder_version=&#8221;4.21.0&#8243; background_enable_color=&#8221;off&#8221; custom_padding=&#8221;|||&#8221; global_colors_info=&#8221;{}&#8221; custom_padding__hover=&#8221;|||&#8221;][et_pb_text _builder_version=&#8221;4.21.0&#8243; _dynamic_attributes=&#8221;content&#8221; _module_preset=&#8221;default&#8221; text_font=&#8221;Open Sans|700||||on|||&#8221; text_font_size=&#8221;40px&#8221; hover_enabled=&#8221;0&#8243; global_colors_info=&#8221;{}&#8221; text_line_height=&#8221;1em&#8221; sticky_enabled=&#8221;0&#8243;]@ET-DC@eyJkeW5hbWljIjp0cnVlLCJjb250ZW50IjoicG9zdF90aXRsZSIsInNldHRpbmdzIjp7ImJlZm9yZSI6IiIsImFmdGVyIjoiIn19@[\/et_pb_text][et_pb_divider color=&#8221;#0C71C3&#8243; divider_weight=&#8221;6px&#8221; _builder_version=&#8221;4.21.0&#8243; _module_preset=&#8221;default&#8221; width=&#8221;20%&#8221; global_colors_info=&#8221;{}&#8221;][\/et_pb_divider][et_pb_text admin_label=&#8221;Text&#8221; _builder_version=&#8221;4.21.0&#8243; text_font=&#8221;Open Sans||||||||&#8221; text_font_size=&#8221;15px&#8221; background_size=&#8221;initial&#8221; background_position=&#8221;top_left&#8221; background_repeat=&#8221;repeat&#8221; global_colors_info=&#8221;{}&#8221;]\n<p>A trav\u00e9s de un convenio con escuelas, insertamos a j\u00f3venes estudiantes de s\u00e9ptimo a\u00f1o a realizar una pr\u00e1ctica pre profesional en el\u00a0 \u00e1rea t\u00e9cnica de nuestra Cooperativa donde adquieren herramientas para el futuro.\u00a0<\/p>\n<p>&nbsp;<\/p>\n<p>Tambi\u00e9n contamos con programas de inserci\u00f3n laboral como:Primer Paso Aprendiz, Por Mi, PIP insertados en las diferentes \u00e1reas de la organizaci\u00f3n.<\/p>\n<p>&nbsp;<\/p>\n<p>Esta pol\u00edtica incluye diferentes acciones de formaci\u00f3n y acceso al empleo para j\u00f3venes y adultos que cumplan con los requisitos solicitados por los diferentes planes.<\/p>\n<p>&nbsp;<\/p>\n<p>&nbsp;<\/p>\n[\/et_pb_text][\/et_pb_column][et_pb_column type=&#8221;1_3&#8243; _builder_version=&#8221;4.16&#8243; custom_padding=&#8221;|||&#8221; global_colors_info=&#8221;{}&#8221; custom_padding__hover=&#8221;|||&#8221;][\/et_pb_column][et_pb_column type=&#8221;1_3&#8243; _builder_version=&#8221;4.16&#8243; custom_padding=&#8221;|||&#8221; global_colors_info=&#8221;{}&#8221; custom_padding__hover=&#8221;|||&#8221;][\/et_pb_column][\/et_pb_row][\/et_pb_section]\n","protected":false},"excerpt":{"rendered":"<p>A trav\u00e9s de un convenio con escuelas, insertamos a j\u00f3venes estudiantes de s\u00e9ptimo a\u00f1o a realizar una pr\u00e1ctica pre profesional en el\u00a0 \u00e1rea t\u00e9cnica de nuestra Cooperativa donde adquieren herramientas para el futuro.\u00a0 &nbsp; Tambi\u00e9n contamos con programas de inserci\u00f3n laboral como:Primer Paso Aprendiz, Por Mi, PIP insertados en las diferentes \u00e1reas de la organizaci\u00f3n. [&hellip;]<\/p>\n","protected":false},"author":1,"featured_media":232,"parent":0,"menu_order":0,"comment_status":"closed","ping_status":"closed","template":"","meta":{"_acf_changed":false,"_et_pb_use_builder":"on","_et_pb_old_content":"","_et_gb_content_width":"","footnotes":""},"class_list":["post-229","page","type-page","status-publish","has-post-thumbnail","hentry"],"acf":[],"_links":{"self":[{"href":"https:\/\/cooprc.com.ar\/v1\/wp-json\/wp\/v2\/pages\/229","targetHints":{"allow":["GET"]}}],"collection":[{"href":"https:\/\/cooprc.com.ar\/v1\/wp-json\/wp\/v2\/pages"}],"about":[{"href":"https:\/\/cooprc.com.ar\/v1\/wp-json\/wp\/v2\/types\/page"}],"author":[{"embeddable":true,"href":"https:\/\/cooprc.com.ar\/v1\/wp-json\/wp\/v2\/users\/1"}],"replies":[{"embeddable":true,"href":"https:\/\/cooprc.com.ar\/v1\/wp-json\/wp\/v2\/comments?post=229"}],"version-history":[{"count":5,"href":"https:\/\/cooprc.com.ar\/v1\/wp-json\/wp\/v2\/pages\/229\/revisions"}],"predecessor-version":[{"id":237,"href":"https:\/\/cooprc.com.ar\/v1\/wp-json\/wp\/v2\/pages\/229\/revisions\/237"}],"wp:featuredmedia":[{"embeddable":true,"href":"https:\/\/cooprc.com.ar\/v1\/wp-json\/wp\/v2\/media\/232"}],"wp:attachment":[{"href":"https:\/\/cooprc.com.ar\/v1\/wp-json\/wp\/v2\/media?parent=229"}],"curies":[{"name":"wp","href":"https:\/\/api.w.org\/{rel}","templated":true}]}}