{"id":233985,"date":"2023-10-07T08:28:22","date_gmt":"2023-10-07T11:28:22","guid":{"rendered":"https:\/\/cooprc.com.ar\/v1\/?page_id=233985"},"modified":"2023-10-24T09:18:06","modified_gmt":"2023-10-24T12:18:06","slug":"cooperativa-de-trabajo","status":"publish","type":"page","link":"https:\/\/cooprc.com.ar\/v1\/cooperativa-de-trabajo\/","title":{"rendered":"Cooperativa de Trabajo"},"content":{"rendered":"[et_pb_section fb_built=&#8221;1&#8243; _builder_version=&#8221;4.22.2&#8243; _module_preset=&#8221;default&#8221; background_enable_color=&#8221;off&#8221; use_background_color_gradient=&#8221;on&#8221; background_color_gradient_direction=&#8221;90deg&#8221; background_color_gradient_stops=&#8221;rgba(247,247,247,0.24) 0%|#ffffff 100%&#8221; background_color_gradient_overlays_image=&#8221;on&#8221; background_image=&#8221;https:\/\/cooprc.com.ar\/v1\/wp-content\/uploads\/2023\/10\/cooptrabajo.jpeg&#8221; top_divider_style=&#8221;slant2&#8243; top_divider_color=&#8221;#35a024&#8243; global_colors_info=&#8221;{}&#8221;][et_pb_row column_structure=&#8221;1_2,1_2&#8243; _builder_version=&#8221;4.22.2&#8243; _module_preset=&#8221;default&#8221; use_background_color_gradient=&#8221;on&#8221; background_color_gradient_direction=&#8221;90deg&#8221; background_color_gradient_stops=&#8221;rgba(255,255,255,0.54) 1%|#37aa1d 99%&#8221; background_color_gradient_overlays_image=&#8221;on&#8221; background_enable_image=&#8221;off&#8221; custom_padding=&#8221;14px|10px|14px|10px|true|true&#8221; global_colors_info=&#8221;{}&#8221;][et_pb_column type=&#8221;1_2&#8243; _builder_version=&#8221;4.22.2&#8243; _module_preset=&#8221;default&#8221; global_colors_info=&#8221;{}&#8221;][et_pb_text _builder_version=&#8221;4.22.2&#8243; _dynamic_attributes=&#8221;content&#8221; _module_preset=&#8221;default&#8221; text_font=&#8221;Open Sans|700||||on|||&#8221; text_text_color=&#8221;#474747&#8243; text_font_size=&#8221;40px&#8221; header_font=&#8221;Open Sans|700||||on|||&#8221; header_font_size=&#8221;40px&#8221; locked=&#8221;off&#8221; global_colors_info=&#8221;{}&#8221;]@ET-DC@eyJkeW5hbWljIjp0cnVlLCJjb250ZW50IjoicG9zdF90aXRsZSIsInNldHRpbmdzIjp7ImJlZm9yZSI6IiIsImFmdGVyIjoiIn19@[\/et_pb_text][et_pb_divider color=&#8221;#35a024&#8243; divider_weight=&#8221;6px&#8221; _builder_version=&#8221;4.22.2&#8243; _module_preset=&#8221;default&#8221; width=&#8221;20%&#8221; locked=&#8221;off&#8221; global_colors_info=&#8221;{}&#8221;][\/et_pb_divider][\/et_pb_column][et_pb_column type=&#8221;1_2&#8243; _builder_version=&#8221;4.22.2&#8243; _module_preset=&#8221;default&#8221; global_colors_info=&#8221;{}&#8221;][et_pb_text _builder_version=&#8221;4.22.2&#8243; _module_preset=&#8221;default&#8221; text_font=&#8221;Open Sans||||||||&#8221; text_text_color=&#8221;#ffffff&#8221; text_font_size=&#8221;15px&#8221; custom_padding=&#8221;|10px||10px|false|true&#8221; global_colors_info=&#8221;{}&#8221;]\n<p><span lang=\"ES-AR\">Para vislumbrar el surgimiento de la<span>\u00a0<\/span><span class=\"il\">Cooperativa<\/span><span>\u00a0<\/span>de<span>\u00a0<\/span><span class=\"il\">trabajo<\/span><span>\u00a0<\/span>R\u00edo Ceballos, dedicada a la <\/span><span lang=\"ES-AR\">valorizaci\u00f3n de residuos s\u00f3lidos; hay que enfocar, a partir de 2014, un proceso de <\/span><span style=\"font-size: 15px;\">construcci\u00f3n colectiva que solidifica en la conformaci\u00f3n de esta<\/span><span style=\"font-size: 15px;\">\u00a0<\/span><span class=\"il\" style=\"font-size: 15px;\">cooperativa<\/span><span style=\"font-size: 15px;\">; la cual deviene de la red de<\/span><span style=\"font-size: 15px;\">\u00a0<\/span><span class=\"il\" style=\"font-size: 15px;\">trabajo<\/span><span style=\"font-size: 15px;\">\u00a0<\/span><span style=\"font-size: 15px;\">que tuvo como nodos a los referentes de distintos centros vecinales. En este largo proceso, dichos referentes vecinales instalaron puntos verdes barriales, comenzando a realizar divulgaci\u00f3n ambiental y a gestionar las primeras ventas del material recuperado. Resaltando el impulso incansable del centro vecinal de B* La Quebrada, cuyo ex presidente hoy es socio de la<\/span><span style=\"font-size: 15px;\">\u00a0<\/span><span class=\"il\" style=\"font-size: 15px;\">cooperativa<\/span><span style=\"font-size: 15px;\">.<\/span><span style=\"font-size: 15px;\">\u00a0<\/span>\u00a0<\/p>\n[\/et_pb_text][\/et_pb_column][\/et_pb_row][et_pb_row column_structure=&#8221;1_2,1_2&#8243; _builder_version=&#8221;4.22.2&#8243; _module_preset=&#8221;default&#8221; use_background_color_gradient=&#8221;on&#8221; background_color_gradient_direction=&#8221;90deg&#8221; background_color_gradient_stops=&#8221;rgba(255,255,255,0.54) 1%|#37aa1d 99%&#8221; background_color_gradient_overlays_image=&#8221;on&#8221; background_enable_image=&#8221;off&#8221; custom_padding=&#8221;10px|10px|10px|10px|true|true&#8221; global_colors_info=&#8221;{}&#8221;][et_pb_column type=&#8221;1_2&#8243; _builder_version=&#8221;4.22.2&#8243; _module_preset=&#8221;default&#8221; global_colors_info=&#8221;{}&#8221;][et_pb_text _builder_version=&#8221;4.22.2&#8243; _module_preset=&#8221;default&#8221; text_font=&#8221;Open Sans||||||||&#8221; text_text_color=&#8221;#ffffff&#8221; text_font_size=&#8221;15px&#8221; custom_padding=&#8221;|10px||10px|false|true&#8221; global_colors_info=&#8221;{}&#8221;]\n<p>\u00a0<span lang=\"ES-AR\">La actual<span>\u00a0<\/span><span class=\"il\">Cooperativa<\/span><span>\u00a0<\/span>de<span>\u00a0<\/span><span class=\"il\">trabajo<\/span><span>\u00a0<\/span>R\u00edo Ceballos Ltda. marca un hito en los procesos de GIRSU <\/span><span style=\"font-size: 15px;\">del corredor sierras chicas, ya que en base al sost\u00e9n de la mencionada red de puntos verdes (como n\u00facleos de incentivo a la separaci\u00f3n en origen de residuos s\u00f3lidos); se logra una alianza entre: recuperadores urbanos, referentes barriales, Direcci\u00f3n de Ambiente del Municipio y<\/span><span style=\"font-size: 15px;\">\u00a0<\/span><span class=\"il\" style=\"font-size: 15px;\">Cooperativa<\/span><span style=\"font-size: 15px;\">\u00a0<\/span><span style=\"font-size: 15px;\">de Obras y Servicios de R\u00edo Ceballos. Siendo esta \u00faltima organizaci\u00f3n quien cede el espacio para la conformaci\u00f3n del actual centro verde, donde se <\/span><span style=\"font-size: 15px;\">constituye la planta de clasificaci\u00f3n y acondicionamiento de un primer grupo de recuperadores. A posterior, la<\/span><span style=\"font-size: 15px;\">\u00a0<\/span><span class=\"il\" style=\"font-size: 15px;\">Cooperativa<\/span><span style=\"font-size: 15px;\">\u00a0<\/span><span style=\"font-size: 15px;\">de Obras y Servicios, ofrece asistencia t\u00e9cnica a <\/span><span style=\"font-size: 15px;\">dichos trabajadores que deciden conformarse en la actual<\/span><span style=\"font-size: 15px;\">\u00a0<\/span><span class=\"il\" style=\"font-size: 15px;\">Cooperativa<\/span><span style=\"font-size: 15px;\">\u00a0<\/span><span style=\"font-size: 15px;\">de<\/span><span style=\"font-size: 15px;\">\u00a0<\/span><span class=\"il\" style=\"font-size: 15px;\">Trabajo<\/span><span style=\"font-size: 15px;\">\u00a0<\/span><span style=\"font-size: 15px;\">R\u00edo Ceballos Ltda., orientada a la valorizaci\u00f3n de residuos s\u00f3lidos. Firm\u00e1ndose, asimismo, un <\/span><span style=\"font-size: 15px;\">convenio entre la Municipalidad de R\u00edo Ceballos y la<\/span><span style=\"font-size: 15px;\">\u00a0<\/span><span class=\"il\" style=\"font-size: 15px;\">Cooperativa<\/span><span style=\"font-size: 15px;\">\u00a0<\/span><span style=\"font-size: 15px;\">de Obras y Servicios, para que esta \u00faltima ejecute la recolecci\u00f3n del material depositado en los puntos verdes(encarg\u00e1ndose tambi\u00e9n del mantenimiento de contenedores, la mayor\u00eda de los cuales han sido instalados o repuestos con presupuesto municipal) y se entregue dicho material para su procesamiento y venta, a la<\/span><span style=\"font-size: 15px;\">\u00a0<\/span><span class=\"il\" style=\"font-size: 15px;\">Cooperativa<\/span><span style=\"font-size: 15px;\">\u00a0<\/span><span style=\"font-size: 15px;\">de<\/span><span style=\"font-size: 15px;\">\u00a0<\/span><span class=\"il\" style=\"font-size: 15px;\">Trabajo<\/span><span style=\"font-size: 15px;\">\u00a0<\/span><span style=\"font-size: 15px;\">R\u00edo Ceballos Ltda. Organizaci\u00f3n que se ha puesto el norte de llegar a aportar valor agregado a distintos materiales provenientes de los RSU, antes de ser vendidos. Actualmente la misma selecciona, acondiciona y vende, los distintos materiales recuperados de los residuos domiciliarios, adem\u00e1s de encargarse de acciones de divulgaci\u00f3n ambiental, y haber ejecutado una experiencia de recolecci\u00f3n y tratamiento de residuos en la localidad.<\/span><\/p>\n[\/et_pb_text][\/et_pb_column][et_pb_column type=&#8221;1_2&#8243; _builder_version=&#8221;4.22.2&#8243; _module_preset=&#8221;default&#8221; global_colors_info=&#8221;{}&#8221;][et_pb_text _builder_version=&#8221;4.22.2&#8243; _module_preset=&#8221;default&#8221; text_font=&#8221;Open Sans|700||||on|||&#8221; text_text_color=&#8221;#474747&#8243; text_font_size=&#8221;40px&#8221; header_font=&#8221;Open Sans|700||||on|||&#8221; header_font_size=&#8221;40px&#8221; locked=&#8221;off&#8221; global_colors_info=&#8221;{}&#8221;]\n<p>Contactanos:<\/p>\n[\/et_pb_text][et_pb_contact_form captcha=&#8221;off&#8221; email=&#8221;cooperativadetrabajo@cooprc.com.ar&#8221; success_message=&#8221;Mensaje enviado con \u00e9xito!&#8221; submit_button_text=&#8221;Enviar&#8221; _builder_version=&#8221;4.22.2&#8243; _module_preset=&#8221;default&#8221; _unique_id=&#8221;09cd9d90-5016-4a3e-81b4-3e6ecae35598&#8243; custom_button=&#8221;on&#8221; button_text_color=&#8221;#ffffff&#8221; global_colors_info=&#8221;{}&#8221;][et_pb_contact_field field_id=&#8221;Name&#8221; field_title=&#8221;Apellido y Nombre&#8221; _builder_version=&#8221;4.22.2&#8243; global_colors_info=&#8221;{}&#8221; button_text_size__hover_enabled=&#8221;off&#8221; button_one_text_size__hover_enabled=&#8221;off&#8221; button_two_text_size__hover_enabled=&#8221;off&#8221; button_text_color__hover_enabled=&#8221;off&#8221; button_one_text_color__hover_enabled=&#8221;off&#8221; button_two_text_color__hover_enabled=&#8221;off&#8221; button_border_width__hover_enabled=&#8221;off&#8221; button_one_border_width__hover_enabled=&#8221;off&#8221; button_two_border_width__hover_enabled=&#8221;off&#8221; button_border_color__hover_enabled=&#8221;off&#8221; button_one_border_color__hover_enabled=&#8221;off&#8221; button_two_border_color__hover_enabled=&#8221;off&#8221; button_border_radius__hover_enabled=&#8221;off&#8221; button_one_border_radius__hover_enabled=&#8221;off&#8221; button_two_border_radius__hover_enabled=&#8221;off&#8221; button_letter_spacing__hover_enabled=&#8221;off&#8221; button_one_letter_spacing__hover_enabled=&#8221;off&#8221; button_two_letter_spacing__hover_enabled=&#8221;off&#8221; button_bg_color__hover_enabled=&#8221;off&#8221; button_one_bg_color__hover_enabled=&#8221;off&#8221; button_two_bg_color__hover_enabled=&#8221;off&#8221;][\/et_pb_contact_field][et_pb_contact_field field_id=&#8221;Email&#8221; field_title=&#8221;Direcci\u00f3n de correo electr\u00f3nico&#8221; field_type=&#8221;email&#8221; _builder_version=&#8221;4.16&#8243; global_colors_info=&#8221;{}&#8221; button_text_size__hover_enabled=&#8221;off&#8221; button_one_text_size__hover_enabled=&#8221;off&#8221; button_two_text_size__hover_enabled=&#8221;off&#8221; button_text_color__hover_enabled=&#8221;off&#8221; button_one_text_color__hover_enabled=&#8221;off&#8221; button_two_text_color__hover_enabled=&#8221;off&#8221; button_border_width__hover_enabled=&#8221;off&#8221; button_one_border_width__hover_enabled=&#8221;off&#8221; button_two_border_width__hover_enabled=&#8221;off&#8221; button_border_color__hover_enabled=&#8221;off&#8221; button_one_border_color__hover_enabled=&#8221;off&#8221; button_two_border_color__hover_enabled=&#8221;off&#8221; button_border_radius__hover_enabled=&#8221;off&#8221; button_one_border_radius__hover_enabled=&#8221;off&#8221; button_two_border_radius__hover_enabled=&#8221;off&#8221; button_letter_spacing__hover_enabled=&#8221;off&#8221; button_one_letter_spacing__hover_enabled=&#8221;off&#8221; button_two_letter_spacing__hover_enabled=&#8221;off&#8221; button_bg_color__hover_enabled=&#8221;off&#8221; button_one_bg_color__hover_enabled=&#8221;off&#8221; button_two_bg_color__hover_enabled=&#8221;off&#8221;][\/et_pb_contact_field][et_pb_contact_field field_id=&#8221;Message&#8221; field_title=&#8221;Mensaje&#8221; field_type=&#8221;text&#8221; fullwidth_field=&#8221;on&#8221; _builder_version=&#8221;4.16&#8243; global_colors_info=&#8221;{}&#8221; button_text_size__hover_enabled=&#8221;off&#8221; button_one_text_size__hover_enabled=&#8221;off&#8221; button_two_text_size__hover_enabled=&#8221;off&#8221; button_text_color__hover_enabled=&#8221;off&#8221; button_one_text_color__hover_enabled=&#8221;off&#8221; button_two_text_color__hover_enabled=&#8221;off&#8221; button_border_width__hover_enabled=&#8221;off&#8221; button_one_border_width__hover_enabled=&#8221;off&#8221; button_two_border_width__hover_enabled=&#8221;off&#8221; button_border_color__hover_enabled=&#8221;off&#8221; button_one_border_color__hover_enabled=&#8221;off&#8221; button_two_border_color__hover_enabled=&#8221;off&#8221; button_border_radius__hover_enabled=&#8221;off&#8221; button_one_border_radius__hover_enabled=&#8221;off&#8221; button_two_border_radius__hover_enabled=&#8221;off&#8221; button_letter_spacing__hover_enabled=&#8221;off&#8221; button_one_letter_spacing__hover_enabled=&#8221;off&#8221; button_two_letter_spacing__hover_enabled=&#8221;off&#8221; button_bg_color__hover_enabled=&#8221;off&#8221; button_one_bg_color__hover_enabled=&#8221;off&#8221; button_two_bg_color__hover_enabled=&#8221;off&#8221;][\/et_pb_contact_field][\/et_pb_contact_form][\/et_pb_column][\/et_pb_row][\/et_pb_section][et_pb_section fb_built=&#8221;1&#8243; admin_label=&#8221;Events&#8221; module_id=&#8221;noticias&#8221; _builder_version=&#8221;4.22.2&#8243; _module_preset=&#8221;default&#8221; background_enable_color=&#8221;off&#8221; background_color_gradient_direction=&#8221;90deg&#8221; locked=&#8221;off&#8221; global_colors_info=&#8221;{}&#8221;][et_pb_row _builder_version=&#8221;4.16&#8243; _module_preset=&#8221;default&#8221; global_colors_info=&#8221;{}&#8221;][et_pb_column type=&#8221;4_4&#8243; _builder_version=&#8221;4.16&#8243; _module_preset=&#8221;default&#8221; global_colors_info=&#8221;{}&#8221;][et_pb_text _builder_version=&#8221;4.22.2&#8243; _module_preset=&#8221;003e9429-8e11-4d9e-968b-8881092bbf81&#8243; header_2_font=&#8221;Roboto|500|||||||&#8221; header_2_text_align=&#8221;center&#8221; header_2_text_color=&#8221;#000000&#8243; header_2_font_size=&#8221;40px&#8221; header_2_line_height=&#8221;1.2em&#8221; custom_margin=&#8221;||0px||false|false&#8221; header_2_font_size_tablet=&#8221;30px&#8221; header_2_font_size_phone=&#8221;20px&#8221; header_2_font_size_last_edited=&#8221;on|desktop&#8221; locked=&#8221;off&#8221; global_colors_info=&#8221;{}&#8221;]\n<h2 style=\"text-align: left;\">Noticias de la Cooperativa de Trabajo<\/h2>\n[\/et_pb_text][et_pb_divider color=&#8221;#35a024&#8243; divider_weight=&#8221;6px&#8221; _builder_version=&#8221;4.22.2&#8243; _module_preset=&#8221;default&#8221; width=&#8221;20%&#8221; locked=&#8221;off&#8221; global_colors_info=&#8221;{}&#8221;][\/et_pb_divider][\/et_pb_column][\/et_pb_row][et_pb_row _builder_version=&#8221;4.16&#8243; _module_preset=&#8221;default&#8221; background_enable_color=&#8221;off&#8221; global_colors_info=&#8221;{}&#8221;][et_pb_column type=&#8221;4_4&#8243; _builder_version=&#8221;4.16&#8243; _module_preset=&#8221;default&#8221; background_enable_image=&#8221;off&#8221; custom_padding_tablet=&#8221;|30px||30px|false|true&#8221; custom_padding_phone=&#8221;|20px||20px|false|true&#8221; custom_padding_last_edited=&#8221;off|desktop&#8221; global_colors_info=&#8221;{}&#8221;][et_pb_blog posts_number=&#8221;6&#8243; include_categories=&#8221;50&#8243; show_more=&#8221;on&#8221; show_categories=&#8221;off&#8221; module_class=&#8221;et-blog-css-grid&#8221; _builder_version=&#8221;4.22.2&#8243; _module_preset=&#8221;default&#8221; header_font=&#8221;Open Sans||||||||&#8221; header_text_color=&#8221;#8c8c8c&#8221; body_font=&#8221;Open Sans||||||||&#8221; body_text_color=&#8221;#8c8c8c&#8221; read_more_font=&#8221;|||on|||||&#8221; read_more_text_color=&#8221;#E09900&#8243; pagination_font=&#8221;Open Sans||||||||&#8221; pagination_text_color=&#8221;#8c8c8c&#8221; background_layout=&#8221;dark&#8221; border_width_all=&#8221;2px&#8221; box_shadow_style=&#8221;preset1&#8243; global_colors_info=&#8221;{}&#8221;][\/et_pb_blog][et_pb_code _builder_version=&#8221;4.22.1&#8243; _module_preset=&#8221;default&#8221; locked=&#8221;off&#8221; global_colors_info=&#8221;{}&#8221;]\n<style><!-- [et_pb_line_break_holder] -->\/* create css grid column template *\/<!-- [et_pb_line_break_holder] -->.et-blog-css-grid > div {<!-- [et_pb_line_break_holder] -->  display: grid;<!-- [et_pb_line_break_holder] -->  grid-template-columns: repeat(auto-fill, minmax(200px, 1fr));<!-- [et_pb_line_break_holder] -->  gap: 20px;<!-- [et_pb_line_break_holder] -->}<!-- [et_pb_line_break_holder] -->\/* style css grid item or blog post *\/<!-- [et_pb_line_break_holder] -->.et-blog-css-grid .et_pb_post {<!-- [et_pb_line_break_holder] -->  align-self: start;<!-- [et_pb_line_break_holder] -->  padding: 15px;<!-- [et_pb_line_break_holder] -->}<!-- [et_pb_line_break_holder] --> <!-- [et_pb_line_break_holder] -->\/* remove pagination from blog module grid with absolute position *\/<!-- [et_pb_line_break_holder] -->.et-blog-css-grid > div > div {<!-- [et_pb_line_break_holder] -->  width: 100%;<!-- [et_pb_line_break_holder] -->  position: absolute;<!-- [et_pb_line_break_holder] -->  bottom: 0;<!-- [et_pb_line_break_holder] -->  transform: translate(0%, 150%);<!-- [et_pb_line_break_holder] -->}<!-- [et_pb_line_break_holder] --> <!-- [et_pb_line_break_holder] -->\/* Resize Featured Image Thumbnails *\/<!-- [et_pb_line_break_holder] -->.et-blog-css-grid .entry-featured-image-url {<!-- [et_pb_line_break_holder] -->  padding-top: 56.25%;<!-- [et_pb_line_break_holder] -->}<!-- [et_pb_line_break_holder] -->.et-blog-css-grid .entry-featured-image-url img {<!-- [et_pb_line_break_holder] -->  position: absolute;<!-- [et_pb_line_break_holder] -->  height: 100%;<!-- [et_pb_line_break_holder] -->  width: 100%;<!-- [et_pb_line_break_holder] -->  top: 0;<!-- [et_pb_line_break_holder] -->  object-fit: cover;<!-- [et_pb_line_break_holder] -->}<!-- [et_pb_line_break_holder] --><\/style>\n[\/et_pb_code][\/et_pb_column][\/et_pb_row][\/et_pb_section]\n","protected":false},"excerpt":{"rendered":"<p>Para vislumbrar el surgimiento de la\u00a0Cooperativa\u00a0de\u00a0trabajo\u00a0R\u00edo Ceballos, dedicada a la valorizaci\u00f3n de residuos s\u00f3lidos; hay que enfocar, a partir de 2014, un proceso de construcci\u00f3n colectiva que solidifica en la conformaci\u00f3n de esta\u00a0cooperativa; la cual deviene de la red de\u00a0trabajo\u00a0que tuvo como nodos a los referentes de distintos centros vecinales. En este largo proceso, dichos [&hellip;]<\/p>\n","protected":false},"author":1,"featured_media":0,"parent":0,"menu_order":0,"comment_status":"closed","ping_status":"closed","template":"","meta":{"_acf_changed":false,"_et_pb_use_builder":"on","_et_pb_old_content":"","_et_gb_content_width":"","footnotes":""},"class_list":["post-233985","page","type-page","status-publish","hentry"],"acf":[],"_links":{"self":[{"href":"https:\/\/cooprc.com.ar\/v1\/wp-json\/wp\/v2\/pages\/233985","targetHints":{"allow":["GET"]}}],"collection":[{"href":"https:\/\/cooprc.com.ar\/v1\/wp-json\/wp\/v2\/pages"}],"about":[{"href":"https:\/\/cooprc.com.ar\/v1\/wp-json\/wp\/v2\/types\/page"}],"author":[{"embeddable":true,"href":"https:\/\/cooprc.com.ar\/v1\/wp-json\/wp\/v2\/users\/1"}],"replies":[{"embeddable":true,"href":"https:\/\/cooprc.com.ar\/v1\/wp-json\/wp\/v2\/comments?post=233985"}],"version-history":[{"count":15,"href":"https:\/\/cooprc.com.ar\/v1\/wp-json\/wp\/v2\/pages\/233985\/revisions"}],"predecessor-version":[{"id":235188,"href":"https:\/\/cooprc.com.ar\/v1\/wp-json\/wp\/v2\/pages\/233985\/revisions\/235188"}],"wp:attachment":[{"href":"https:\/\/cooprc.com.ar\/v1\/wp-json\/wp\/v2\/media?parent=233985"}],"curies":[{"name":"wp","href":"https:\/\/api.w.org\/{rel}","templated":true}]}}