{"id":235358,"date":"2023-11-16T21:39:57","date_gmt":"2023-11-17T00:39:57","guid":{"rendered":"https:\/\/cooprc.com.ar\/v1\/?page_id=235358"},"modified":"2023-11-17T08:42:33","modified_gmt":"2023-11-17T11:42:33","slug":"solicitud-plan-de-pagos-online","status":"publish","type":"page","link":"https:\/\/cooprc.com.ar\/v1\/solicitud-plan-de-pagos-online\/","title":{"rendered":"Solicitud Plan de Pagos"},"content":{"rendered":"\n[et_pb_section fb_built=&#8221;1&#8243; _builder_version=&#8221;4.21.0&#8243; background_enable_image=&#8221;off&#8221; top_divider_style=&#8221;wave2&#8243; top_divider_color=&#8221;#405798&#8243; top_divider_flip=&#8221;vertical|horizontal&#8221; global_colors_info=&#8221;{}&#8221;][et_pb_row _builder_version=&#8221;4.21.0&#8243; _module_preset=&#8221;default&#8221; global_colors_info=&#8221;{}&#8221;][et_pb_column type=&#8221;4_4&#8243; _builder_version=&#8221;4.21.0&#8243; _module_preset=&#8221;default&#8221; global_colors_info=&#8221;{}&#8221;][et_pb_text _builder_version=&#8221;4.21.0&#8243; _dynamic_attributes=&#8221;content&#8221; _module_preset=&#8221;default&#8221; text_font=&#8221;Open Sans|700||||on|||&#8221; text_font_size=&#8221;40px&#8221; global_colors_info=&#8221;{}&#8221;]@ET-DC@eyJkeW5hbWljIjp0cnVlLCJjb250ZW50IjoicG9zdF90aXRsZSIsInNldHRpbmdzIjp7ImJlZm9yZSI6IiIsImFmdGVyIjoiIn19@[\/et_pb_text][et_pb_divider color=&#8221;#E09900&#8243; divider_weight=&#8221;6px&#8221; _builder_version=&#8221;4.21.0&#8243; _module_preset=&#8221;default&#8221; width=&#8221;20%&#8221; locked=&#8221;off&#8221; global_colors_info=&#8221;{}&#8221;][\/et_pb_divider][dvppl_cf7_styler use_form_button_fullwidth=&#8221;on&#8221; cf7=&#8221;235357&#8243; form_field_height=&#8221;50px&#8221; form_field_padding=&#8221;10px|15px|10px|15px|false|false&#8221; _builder_version=&#8221;4.23&#8243; _module_preset=&#8221;default&#8221; form_field_font_font=&#8221;Open Sans||||||||&#8221; form_field_font_font_size=&#8221;15px&#8221; form_field_font_line_height=&#8221;1em&#8221; labels_font=&#8221;Open Sans||||||||&#8221; labels_font_size=&#8221;16px&#8221; custom_submit_button=&#8221;on&#8221; submit_button_text_size=&#8221;25px&#8221; submit_button_bg_color=&#8221;#ff6600&#8243; submit_button_border_radius=&#8221;10px&#8221; submit_button_font=&#8221;Open Sans||||||||&#8221; submit_button_custom_margin=&#8221;30px||||false|false&#8221; hover_enabled=&#8221;0&#8243; border_width_all_field=&#8221;1px&#8221; border_color_all_field=&#8221;#E09900&#8243; global_colors_info=&#8221;{}&#8221; sticky_enabled=&#8221;0&#8243;][\/dvppl_cf7_styler][\/et_pb_column][\/et_pb_row][\/et_pb_section]\n","protected":false},"excerpt":{"rendered":"<div class=\"et_pb_with_border et_pb_module dvppl_cf7_styler dvppl_cf7_styler_0\">\n\t\t\t\t\n\t\t\t\t\n\t\t\t\t\n\t\t\t\t\n\t\t\t\t\n\t\t\t\t\n\t\t\t\t<div class=\"et_pb_module_inner\">\n\t\t\t\t\t<div class=\"dipe-cf7-container dipe-cf7-button-fullwidth\">\n\t\t\t\t\n\t\t\t\t<div class=\"dipe-cf7 dipe-cf7-styler \">\n\t\t\t\t\t\n<div class=\"wpcf7 no-js\" id=\"wpcf7-f235357-o1\" lang=\"es-ES\" dir=\"ltr\" data-wpcf7-id=\"235357\">\n<div class=\"screen-reader-response\"><p role=\"status\" aria-live=\"polite\" aria-atomic=\"true\"><\/p> <ul><\/ul><\/div>\n<form action=\"\/v1\/wp-json\/wp\/v2\/pages\/235358#wpcf7-f235357-o1\" method=\"post\" class=\"wpcf7-form init\" aria-label=\"Formulario de contacto\" enctype=\"multipart\/form-data\" novalidate=\"novalidate\" data-status=\"init\">\n<fieldset class=\"hidden-fields-container\"><input type=\"hidden\" name=\"_wpcf7\" value=\"235357\" \/><input type=\"hidden\" name=\"_wpcf7_version\" value=\"6.1.5\" \/><input type=\"hidden\" name=\"_wpcf7_locale\" value=\"es_ES\" \/><input type=\"hidden\" name=\"_wpcf7_unit_tag\" value=\"wpcf7-f235357-o1\" \/><input type=\"hidden\" name=\"_wpcf7_container_post\" value=\"0\" \/><input type=\"hidden\" name=\"_wpcf7_posted_data_hash\" value=\"\" \/><input type=\"hidden\" name=\"_wpcf7cf_hidden_group_fields\" value=\"[]\" \/><input type=\"hidden\" name=\"_wpcf7cf_hidden_groups\" value=\"[]\" \/><input type=\"hidden\" name=\"_wpcf7cf_visible_groups\" value=\"[]\" \/><input type=\"hidden\" name=\"_wpcf7cf_repeaters\" value=\"[]\" \/><input type=\"hidden\" name=\"_wpcf7cf_steps\" value=\"{}\" \/><input type=\"hidden\" name=\"_wpcf7cf_options\" value=\"{&quot;form_id&quot;:235357,&quot;conditions&quot;:[],&quot;settings&quot;:{&quot;animation&quot;:&quot;yes&quot;,&quot;animation_intime&quot;:200,&quot;animation_outtime&quot;:200,&quot;conditions_ui&quot;:&quot;normal&quot;,&quot;notice_dismissed&quot;:false,&quot;notice_dismissed_rollback-cf7-5.8.1&quot;:true}}\" \/>\n<\/fieldset>\n<div class=\"wpcf7-turnstile cf-turnstile\" data-sitekey=\"0x4AAAAAACyF5yaiuj2Axj2O\" data-response-field-name=\"_wpcf7_turnstile_response\"><\/div>\n\n<div class=\"container\">\n  <div class=\"row\">\n    <div class=\"col-12\" style=\"align-self: center;\">\n      <h1 class=\"mt-1 mb-0\">Datos del Servicio<\/h1>\n  <\/div>\n  <div class=\"row mt-3\">\n    <div class=\"col-12 col-md-4\" style=\"align-self: center;\">\n      <label class=\"control-label\">Nombre y Apellido como figura en la factura<\/label>\n    <\/div>\n    <div class=\"col-12 col-md-8\">\n      <span class=\"wpcf7-form-control-wrap\" data-name=\"nombre-titular\"><input size=\"40\" maxlength=\"400\" class=\"wpcf7-form-control wpcf7-text wpcf7-validates-as-required\" aria-required=\"true\" aria-invalid=\"false\" value=\"\" type=\"text\" name=\"nombre-titular\" \/><\/span>\n    <\/div>\n  <\/div>\n  <div class=\"row mt-4\">\n    <div class=\"col-12 col-md-4\" style=\"align-self: center;\">\n      <label class=\"control-label\">Domicilio de Conexi\u00f3n<\/label>\n    <\/div>\n    <div class=\"col-12 col-md-8\">\n      <span class=\"wpcf7-form-control-wrap\" data-name=\"domicilio-conexion\"><input size=\"40\" maxlength=\"400\" class=\"wpcf7-form-control wpcf7-text wpcf7-validates-as-required\" aria-required=\"true\" aria-invalid=\"false\" value=\"\" type=\"text\" name=\"domicilio-conexion\" \/><\/span>\n    <\/div>\n  <\/div>\n  <div class=\"row mt-2\">\n    <div class=\"col-12 col-md-6\">\n      <label class=\"control-label\">N\u00famero de Suministro \/ Cuenta<\/label>\n      <span class=\"wpcf7-form-control-wrap\" data-name=\"numero-suministro\"><input size=\"40\" maxlength=\"400\" class=\"wpcf7-form-control wpcf7-text wpcf7-validates-as-required\" aria-required=\"true\" aria-invalid=\"false\" value=\"\" type=\"text\" name=\"numero-suministro\" \/><\/span>\n    <\/div>\n    <div class=\"col-12 col-md-6\">\n      <label class=\"control-label\">N\u00famero de Asociado \/ Titular<\/label>\n      <span class=\"wpcf7-form-control-wrap\" data-name=\"numero-asociado\"><input size=\"40\" maxlength=\"400\" class=\"wpcf7-form-control wpcf7-text wpcf7-validates-as-required\" aria-required=\"true\" aria-invalid=\"false\" value=\"\" type=\"text\" name=\"numero-asociado\" \/><\/span>\n    <\/div>\n  <\/div>\n  <div class=\"col-12 col-md-4\">\n    <label class=\"control-label\">E-mail<\/label>\n    <span class=\"wpcf7-form-control-wrap\" data-name=\"email\"><input size=\"40\" maxlength=\"400\" class=\"wpcf7-form-control wpcf7-email wpcf7-validates-as-required wpcf7-text wpcf7-validates-as-email\" aria-required=\"true\" aria-invalid=\"false\" value=\"\" type=\"email\" name=\"email\" \/><\/span>\n  <\/div>\n  <div class=\"col-12 col-md-6\">\n    <label class=\"control-label\">Tel\u00e9fono<\/label>\n    <div class=\"row\">\n      <div class=\"col-12\">\n        <span class=\"wpcf7-form-control-wrap\" data-name=\"telefono\"><input size=\"40\" maxlength=\"400\" class=\"wpcf7-form-control wpcf7-text wpcf7-validates-as-required\" aria-required=\"true\" aria-invalid=\"false\" value=\"\" type=\"text\" name=\"telefono\" \/><\/span>\n      <\/div>\n    <\/div>\n    <label class=\"control-label\">Confirmaci\u00f3n Tel\u00e9fono<\/label>\n    <div class=\"row\">\n      <div class=\"col-12\">\n        <span class=\"wpcf7-form-control-wrap\" data-name=\"telefono-confirmar\"><input size=\"40\" maxlength=\"400\" class=\"wpcf7-form-control wpcf7-text wpcf7-validates-as-required\" aria-required=\"true\" aria-invalid=\"false\" value=\"\" type=\"text\" name=\"telefono-confirmar\" \/><\/span>\n      <\/div>\n    <\/div>\n  <\/div>\n\n<div class=\"row\">\n  <div class=\"col-12\">\n    <h1 class=\"pt-5 pb-2\">\u00bfEs Ud. titular de la cuenta?<\/h1>\n    <span class=\"wpcf7-form-control-wrap\" data-name=\"titular-cuenta\"><span class=\"wpcf7-form-control wpcf7-radio\"><span class=\"wpcf7-list-item first\"><input type=\"radio\" name=\"titular-cuenta\" value=\"Si\" checked=\"checked\" \/><span class=\"wpcf7-list-item-label\">Si<\/span><\/span><span class=\"wpcf7-list-item last\"><input type=\"radio\" name=\"titular-cuenta\" value=\"No\" \/><span class=\"wpcf7-list-item-label\">No<\/span><\/span><\/span><\/span>\n  <\/div>\n  <div class=\"col-12\">\n    <label class=\"control-label\">En caso que no fuera titular, por favor explique e; vinculo con el mismo.<\/label>\n    <span class=\"wpcf7-form-control-wrap\" data-name=\"relacion-cuenta\"><textarea cols=\"40\" rows=\"10\" maxlength=\"2000\" class=\"wpcf7-form-control wpcf7-textarea\" aria-invalid=\"false\" name=\"relacion-cuenta\"><\/textarea><\/span>\n  <\/div>\n<\/div>\n\n\n<div class=\"row pb-4\">\n  <div class=\"col-12\">\n    <h1 class=\"pt-5 mb-0\">Documentaci\u00f3n a adjuntar (Formato PDF o JPG):<\/h1>\n    <label class=\"control-label\">(La informaci\u00f3n a adjuntar debe ser completamente legible y clara)<\/label>\n  <\/div>\n<\/div>\n<div class=\"row pb-5\">\n  <div class=\"col-12 col-md-6\">\n    <label class=\"control-label\">D.N.I. Frente del Titular<\/label>\n    <span class=\"wpcf7-form-control-wrap\" data-name=\"archivo-frente-documento\"><input size=\"40\" class=\"wpcf7-form-control wpcf7-file wpcf7-validates-as-required\" accept=\".pdf,image\/*\" aria-required=\"true\" aria-invalid=\"false\" type=\"file\" name=\"archivo-frente-documento\" \/><\/span>\n  <\/div>\n  <div class=\"col-12 col-md-6\">\n    <label class=\"control-label\">D.N.I. Dorso del Titular<\/label>\n    <span class=\"wpcf7-form-control-wrap\" data-name=\"archivo-dorso-documento\"><input size=\"40\" class=\"wpcf7-form-control wpcf7-file wpcf7-validates-as-required\" accept=\".pdf,image\/*\" aria-required=\"true\" aria-invalid=\"false\" type=\"file\" name=\"archivo-dorso-documento\" \/><\/span>\n  <\/div>\n<\/div>\n<div class=\"row pb-5\">\n  <div class=\"col-12\">\n    <h2>\n      <strong class=\"control-label\">En caso de ser inquilino Adjuntar contrato de locaci\u00f3n:<\/strong>\n    <\/h2>\n    <label><\/label>\n    <span class=\"wpcf7-form-control-wrap\" data-name=\"archivo-contrato-locacion\"><input size=\"40\" class=\"wpcf7-form-control wpcf7-drag-n-drop-file d-none\" aria-invalid=\"false\" type=\"file\" multiple=\"multiple\" data-name=\"archivo-contrato-locacion\" data-type=\"jpeg|jpg|png|bmp|pdf\" data-min=\"1\" data-max=\"10\" data-id=\"235357\" data-version=\"free version 1.3.9.6\" accept=\".jpeg, .jpg, .png, .bmp, .pdf\" \/><\/span>\n  <\/div>\n<\/div>\n<div class=\"row pt-5\">\n  <div class=\"col-12 col-md-8\">\n    <label class=\"control-label\" style=\"align-self: center;\">El presente fomulario no implica la aceptaci\u00f3n del tr\u00e1mite, el mismo se encuentra sujeto a verificaci\u00f3n<\/label>\n  <\/div>\n  <div class=\"col-12 col-md-4 text-md-right\">\n    <input class=\"wpcf7-form-control wpcf7-submit has-spinner\" type=\"submit\" value=\"Enviar\" \/>\n  <\/div>\n<\/div>\n<\/div><div class=\"wpcf7-response-output\" aria-hidden=\"true\"><\/div>\n<\/form>\n<\/div>\n\n\t\t\t\t<\/div>\n\t\t\t<\/div>\n\t\t\t\t<\/div>\n\t\t\t<\/div>\n","protected":false},"author":1,"featured_media":0,"parent":0,"menu_order":0,"comment_status":"closed","ping_status":"closed","template":"","meta":{"_acf_changed":false,"_et_pb_use_builder":"on","_et_pb_old_content":"","_et_gb_content_width":"","footnotes":""},"class_list":["post-235358","page","type-page","status-publish","hentry"],"acf":[],"_links":{"self":[{"href":"https:\/\/cooprc.com.ar\/v1\/wp-json\/wp\/v2\/pages\/235358","targetHints":{"allow":["GET"]}}],"collection":[{"href":"https:\/\/cooprc.com.ar\/v1\/wp-json\/wp\/v2\/pages"}],"about":[{"href":"https:\/\/cooprc.com.ar\/v1\/wp-json\/wp\/v2\/types\/page"}],"author":[{"embeddable":true,"href":"https:\/\/cooprc.com.ar\/v1\/wp-json\/wp\/v2\/users\/1"}],"replies":[{"embeddable":true,"href":"https:\/\/cooprc.com.ar\/v1\/wp-json\/wp\/v2\/comments?post=235358"}],"version-history":[{"count":4,"href":"https:\/\/cooprc.com.ar\/v1\/wp-json\/wp\/v2\/pages\/235358\/revisions"}],"predecessor-version":[{"id":235363,"href":"https:\/\/cooprc.com.ar\/v1\/wp-json\/wp\/v2\/pages\/235358\/revisions\/235363"}],"wp:attachment":[{"href":"https:\/\/cooprc.com.ar\/v1\/wp-json\/wp\/v2\/media?parent=235358"}],"curies":[{"name":"wp","href":"https:\/\/api.w.org\/{rel}","templated":true}]}}