{"id":236245,"date":"2025-08-11T10:02:37","date_gmt":"2025-08-11T13:02:37","guid":{"rendered":"https:\/\/cooprc.com.ar\/v1\/?page_id=236245"},"modified":"2026-01-26T09:43:30","modified_gmt":"2026-01-26T12:43:30","slug":"expo-agua","status":"publish","type":"page","link":"https:\/\/cooprc.com.ar\/v1\/expo-agua\/","title":{"rendered":"Expo Agua"},"content":{"rendered":"[et_pb_section fb_built=&#8221;1&#8243; _builder_version=&#8221;4.27.4&#8243; _module_preset=&#8221;default&#8221; top_divider_style=&#8221;wave2&#8243; top_divider_color=&#8221;#405798&#8243; global_colors_info=&#8221;{}&#8221;][et_pb_row column_structure=&#8221;1_2,1_2&#8243; _builder_version=&#8221;4.27.4&#8243; _module_preset=&#8221;default&#8221; global_colors_info=&#8221;{}&#8221;][et_pb_column type=&#8221;1_2&#8243; _builder_version=&#8221;4.27.4&#8243; _module_preset=&#8221;default&#8221; global_colors_info=&#8221;{}&#8221;][et_pb_image src=&#8221;https:\/\/cooprc.com.ar\/v1\/wp-content\/uploads\/2025\/07\/Logo-Expo-Agua.png&#8221; title_text=&#8221;Logo-Expo-Agua&#8221; _builder_version=&#8221;4.27.4&#8243; _module_preset=&#8221;default&#8221; background_color=&#8221;rgba(255,255,255,0.51)&#8221; global_colors_info=&#8221;{}&#8221;][\/et_pb_image][\/et_pb_column][et_pb_column type=&#8221;1_2&#8243; _builder_version=&#8221;4.27.4&#8243; _module_preset=&#8221;default&#8221; global_colors_info=&#8221;{}&#8221;][\/et_pb_column][\/et_pb_row][et_pb_row _builder_version=&#8221;4.27.4&#8243; _module_preset=&#8221;default&#8221; global_colors_info=&#8221;{}&#8221;][et_pb_column type=&#8221;4_4&#8243; _builder_version=&#8221;4.27.4&#8243; _module_preset=&#8221;default&#8221; global_colors_info=&#8221;{}&#8221;][et_pb_text _builder_version=&#8221;4.27.4&#8243; _module_preset=&#8221;default&#8221; text_text_color=&#8221;#ffffff&#8221; text_font_size=&#8221;18px&#8221; background_color=&#8221;#405798&#8243; custom_padding=&#8221;50px|30px|50px|30px|true|true&#8221; border_radii=&#8221;on|15px|15px|15px|15px&#8221; box_shadow_style=&#8221;preset2&#8243; global_colors_info=&#8221;{}&#8221;]\n<p>Desde hace ya varios a\u00f1os, la Cooperativa ha implementado un programa educativo cuyo fin es lograr que los habitantes de la regi\u00f3n de Sierras Chicas conozcan la cuenca, nuestras fuentes de agua y la preservaci\u00f3n del recurso.<br \/>Nuestros objetivos son:<\/p>\n<p>\u00b7 Difundir y promover los h\u00e1bitos de cuidado del agua, de la cuenca y del medio ambiente.<br \/>\u00b7 Informar sobre el funcionamiento del\u00a0 sistema integrado del servicio de agua \u201cLa Calera &#8211; La Quebrada\u201d.<br \/>\u00b7 Informar sobre el funcionamiento del servicio de distribuci\u00f3n de agua, de nuestra entidad cooperativa y las responsabilidades de cada uno de los actores que intervienen en el proceso de potabilizaci\u00f3n y distribuci\u00f3n del agua.<br \/>En el marco del proyecto<strong> \u201cLa Cooperativa en las Escuelas\u201d<\/strong>, cuyo objevo es el de acercar nuestra instituci\u00f3n a las entidades educativas de la ciudad de R\u00edo Ceballos y de la regi\u00f3n de Sierras Chicas, proponemos realizar de manera anual una exposici\u00f3n, en la que los distintos colegios y escuelas presenten proyectos e investigaciones cuyo eje principal sea el uso, cuidado, promoci\u00f3n y preservaci\u00f3n del agua. El modo de abordaje es a elecci\u00f3n de cada centro educativo, docentes y alumnos.<br \/>Se convoca a participar a los estudiantes de distintos niveles de todos los centros educativos de la ciudad y de la regi\u00f3n de Sierras Chicas.<\/p>\n[\/et_pb_text][\/et_pb_column][\/et_pb_row][et_pb_row _builder_version=&#8221;4.27.4&#8243; _module_preset=&#8221;default&#8221; min_height=&#8221;1716.7px&#8221; global_colors_info=&#8221;{}&#8221;][et_pb_column type=&#8221;4_4&#8243; _builder_version=&#8221;4.27.4&#8243; _module_preset=&#8221;default&#8221; global_colors_info=&#8221;{}&#8221;][dipl_masonry_gallery image_ids=&#8221;236217,236252,236253,236254,236255,236256,236257,236258,236259,236260,236261,236262,236263,236264&#8243; _builder_version=&#8221;4.27.4&#8243; _module_preset=&#8221;default&#8221; global_colors_info=&#8221;{}&#8221;][\/dipl_masonry_gallery][\/et_pb_column][\/et_pb_row][\/et_pb_section]\n","protected":false},"excerpt":{"rendered":"<p>Desde hace ya varios a\u00f1os, la Cooperativa ha implementado un programa educativo cuyo fin es lograr que los habitantes de la regi\u00f3n de Sierras Chicas conozcan la cuenca, nuestras fuentes de agua y la preservaci\u00f3n del recurso.Nuestros objetivos son: \u00b7 Difundir y promover los h\u00e1bitos de cuidado del agua, de la cuenca y del medio [&hellip;]<\/p>\n","protected":false},"author":1,"featured_media":0,"parent":0,"menu_order":0,"comment_status":"closed","ping_status":"closed","template":"","meta":{"_acf_changed":false,"_et_pb_use_builder":"on","_et_pb_old_content":"","_et_gb_content_width":"","footnotes":""},"class_list":["post-236245","page","type-page","status-publish","hentry"],"acf":[],"_links":{"self":[{"href":"https:\/\/cooprc.com.ar\/v1\/wp-json\/wp\/v2\/pages\/236245","targetHints":{"allow":["GET"]}}],"collection":[{"href":"https:\/\/cooprc.com.ar\/v1\/wp-json\/wp\/v2\/pages"}],"about":[{"href":"https:\/\/cooprc.com.ar\/v1\/wp-json\/wp\/v2\/types\/page"}],"author":[{"embeddable":true,"href":"https:\/\/cooprc.com.ar\/v1\/wp-json\/wp\/v2\/users\/1"}],"replies":[{"embeddable":true,"href":"https:\/\/cooprc.com.ar\/v1\/wp-json\/wp\/v2\/comments?post=236245"}],"version-history":[{"count":8,"href":"https:\/\/cooprc.com.ar\/v1\/wp-json\/wp\/v2\/pages\/236245\/revisions"}],"predecessor-version":[{"id":236353,"href":"https:\/\/cooprc.com.ar\/v1\/wp-json\/wp\/v2\/pages\/236245\/revisions\/236353"}],"wp:attachment":[{"href":"https:\/\/cooprc.com.ar\/v1\/wp-json\/wp\/v2\/media?parent=236245"}],"curies":[{"name":"wp","href":"https:\/\/api.w.org\/{rel}","templated":true}]}}