{"id":89,"date":"2023-07-05T23:22:04","date_gmt":"2023-07-05T23:22:04","guid":{"rendered":"https:\/\/cooprc.com.ar\/v1\/?page_id=89"},"modified":"2023-09-19T17:18:34","modified_gmt":"2023-09-19T20:18:34","slug":"quienes-somos","status":"publish","type":"page","link":"https:\/\/cooprc.com.ar\/v1\/quienes-somos\/","title":{"rendered":"Quienes Somos"},"content":{"rendered":"[et_pb_section fb_built=&#8221;1&#8243; admin_label=&#8221;section&#8221; _builder_version=&#8221;4.21.0&#8243; use_background_color_gradient=&#8221;on&#8221; background_color_gradient_direction=&#8221;90deg&#8221; background_color_gradient_stops=&#8221;#ffffff 48%|rgba(255,255,255,0) 100%&#8221; background_color_gradient_overlays_image=&#8221;on&#8221; background_image=&#8221;https:\/\/cooprc.com.ar\/v1\/wp-content\/uploads\/2023\/07\/FOTO-2.jpg&#8221; top_divider_style=&#8221;wave2&#8243; top_divider_color=&#8221;#405798&#8243; global_colors_info=&#8221;{}&#8221;][et_pb_row column_structure=&#8221;2_3,1_3&#8243; admin_label=&#8221;row&#8221; _builder_version=&#8221;4.21.0&#8243; background_enable_image=&#8221;off&#8221; background_size=&#8221;initial&#8221; background_position=&#8221;center_left&#8221; custom_padding=&#8221;9px|||||&#8221; global_colors_info=&#8221;{}&#8221;][et_pb_column type=&#8221;2_3&#8243; _builder_version=&#8221;4.21.0&#8243; background_enable_color=&#8221;off&#8221; custom_padding=&#8221;|||&#8221; global_colors_info=&#8221;{}&#8221; custom_padding__hover=&#8221;|||&#8221;][et_pb_text _builder_version=&#8221;4.21.0&#8243; _dynamic_attributes=&#8221;content&#8221; _module_preset=&#8221;default&#8221; text_font=&#8221;Open Sans|700||||on|||&#8221; text_font_size=&#8221;40px&#8221; hover_enabled=&#8221;0&#8243; global_colors_info=&#8221;{}&#8221; sticky_enabled=&#8221;0&#8243;]@ET-DC@eyJkeW5hbWljIjp0cnVlLCJjb250ZW50IjoicG9zdF90aXRsZSIsInNldHRpbmdzIjp7ImJlZm9yZSI6IiIsImFmdGVyIjoiIn19@[\/et_pb_text][et_pb_divider color=&#8221;#0C71C3&#8243; divider_weight=&#8221;6px&#8221; _builder_version=&#8221;4.21.0&#8243; _module_preset=&#8221;default&#8221; width=&#8221;20%&#8221; global_colors_info=&#8221;{}&#8221;][\/et_pb_divider][et_pb_text admin_label=&#8221;Text&#8221; _builder_version=&#8221;4.21.0&#8243; text_font=&#8221;Open Sans||||||||&#8221; text_font_size=&#8221;15px&#8221; background_size=&#8221;initial&#8221; background_position=&#8221;top_left&#8221; background_repeat=&#8221;repeat&#8221; hover_enabled=&#8221;0&#8243; global_colors_info=&#8221;{}&#8221; sticky_enabled=&#8221;0&#8243;]\n<p><!-- divi:paragraph {\"align\":\"center\"} --><\/p>\n<p class=\"has-text-align-center\"><strong>MISI\u00d3N<\/strong><\/p>\n<p><!-- \/divi:paragraph --><\/p>\n<p><!-- divi:paragraph --> \u201cOfrecemos el servicio de distribuci\u00f3n de agua, garantizando el control de calidad para el consumo humano, y el acceso al mismo de todos los habitantes de la ciudad de R\u00edo Ceballos, aspirando a la excelencia en la atenci\u00f3n al p\u00fablico, y creando conciencia sobre el cuidado del agua y los recursos naturales, administrando los recursos humanos y materiales, a trav\u00e9s del m\u00e9todo cooperativista, de forma eficiente, equitativa y transparente, atentos a la incorporaci\u00f3n de los avances tecnol\u00f3gicos para lograr la mayor eficiencia\u201d.<\/p>\n<p><!-- \/divi:paragraph --><\/p>\n<p><!-- divi:paragraph {\"align\":\"center\"} --><\/p>\n<p class=\"has-text-align-center\"><strong>VISI\u00d3N<\/strong><\/p>\n<p><!-- \/divi:paragraph --><\/p>\n<p><!-- divi:paragraph --> \u201cSomos una Cooperativa que busca el crecimiento en los servicios hacia la comunidad, brind\u00e1ndolos de forma eficiente y en compromiso con los principios cooperativos, con la sociedad y el medio ambiente, actuando con seriedad y responsabilidad\u201d.<\/p>\n<p><!-- \/divi:paragraph --><\/p>\n[\/et_pb_text][\/et_pb_column][et_pb_column type=&#8221;1_3&#8243; _builder_version=&#8221;4.16&#8243; custom_padding=&#8221;|||&#8221; global_colors_info=&#8221;{}&#8221; custom_padding__hover=&#8221;|||&#8221;][\/et_pb_column][\/et_pb_row][\/et_pb_section]\n","protected":false},"excerpt":{"rendered":"<p>MISI\u00d3N \u201cOfrecemos el servicio de distribuci\u00f3n de agua, garantizando el control de calidad para el consumo humano, y el acceso al mismo de todos los habitantes de la ciudad de R\u00edo Ceballos, aspirando a la excelencia en la atenci\u00f3n al p\u00fablico, y creando conciencia sobre el cuidado del agua y los recursos naturales, administrando los [&hellip;]<\/p>\n","protected":false},"author":1,"featured_media":93,"parent":0,"menu_order":0,"comment_status":"closed","ping_status":"closed","template":"","meta":{"_acf_changed":false,"_et_pb_use_builder":"on","_et_pb_old_content":"<!-- wp:paragraph {\"align\":\"center\"} -->\n<p class=\"has-text-align-center\"><strong>MISI\u00d3N<\/strong><\/p>\n<!-- \/wp:paragraph -->\n\n<!-- wp:paragraph -->\n<p> \u201cOfrecemos el servicio de distribuci\u00f3n de agua, garantizando el control de calidad para el consumo humano, y el acceso al mismo de todos los habitantes de la ciudad de R\u00edo Ceballos, aspirando a la excelencia en la atenci\u00f3n al p\u00fablico, y creando conciencia sobre el cuidado del agua y los recursos naturales, administrando los recursos humanos y materiales, a trav\u00e9s del m\u00e9todo cooperativista, de forma eficiente, equitativa y transparente, atentos a la incorporaci\u00f3n de los avances tecnol\u00f3gicos para lograr la mayor eficiencia\u201d. <\/p>\n<!-- \/wp:paragraph -->\n\n<!-- wp:paragraph {\"align\":\"center\"} -->\n<p class=\"has-text-align-center\"><strong>VISI\u00d3N<\/strong><\/p>\n<!-- \/wp:paragraph -->\n\n<!-- wp:paragraph -->\n<p> \u201cSomos una Cooperativa que busca el crecimiento en los servicios hacia la comunidad, brind\u00e1ndolos de forma eficiente y en compromiso con los principios cooperativos, con la sociedad y el medio ambiente, actuando con seriedad y responsabilidad\u201d. <\/p>\n<!-- \/wp:paragraph -->","_et_gb_content_width":"","footnotes":""},"class_list":["post-89","page","type-page","status-publish","has-post-thumbnail","hentry"],"acf":[],"_links":{"self":[{"href":"https:\/\/cooprc.com.ar\/v1\/wp-json\/wp\/v2\/pages\/89","targetHints":{"allow":["GET"]}}],"collection":[{"href":"https:\/\/cooprc.com.ar\/v1\/wp-json\/wp\/v2\/pages"}],"about":[{"href":"https:\/\/cooprc.com.ar\/v1\/wp-json\/wp\/v2\/types\/page"}],"author":[{"embeddable":true,"href":"https:\/\/cooprc.com.ar\/v1\/wp-json\/wp\/v2\/users\/1"}],"replies":[{"embeddable":true,"href":"https:\/\/cooprc.com.ar\/v1\/wp-json\/wp\/v2\/comments?post=89"}],"version-history":[{"count":8,"href":"https:\/\/cooprc.com.ar\/v1\/wp-json\/wp\/v2\/pages\/89\/revisions"}],"predecessor-version":[{"id":233787,"href":"https:\/\/cooprc.com.ar\/v1\/wp-json\/wp\/v2\/pages\/89\/revisions\/233787"}],"wp:featuredmedia":[{"embeddable":true,"href":"https:\/\/cooprc.com.ar\/v1\/wp-json\/wp\/v2\/media\/93"}],"wp:attachment":[{"href":"https:\/\/cooprc.com.ar\/v1\/wp-json\/wp\/v2\/media?parent=89"}],"curies":[{"name":"wp","href":"https:\/\/api.w.org\/{rel}","templated":true}]}}